{"id":2604,"date":"2023-01-19T05:57:33","date_gmt":"2023-01-19T05:57:33","guid":{"rendered":"https:\/\/new.hubrum.eu\/?page_id=2604"},"modified":"2023-01-31T04:51:34","modified_gmt":"2023-01-31T04:51:34","slug":"automation","status":"publish","type":"page","link":"https:\/\/hubrum.eu\/de\/automation\/","title":{"rendered":"Automatisierung"},"content":{"rendered":"<section id=\"bt_bb_section69f5f475b08d0\"  class=\"bt_bb_section bt_bb_layout_boxed_1200 bt_bb_vertical_align_top bt_bb_top_spacing_normal bt_bb_bottom_spacing_normal\"   data-bt-override-class=\"{&quot;bt_bb_top_spacing_&quot;:{&quot;current_class&quot;:&quot;bt_bb_top_spacing_normal&quot;,&quot;xxl&quot;:&quot;normal&quot;,&quot;xl&quot;:&quot;normal&quot;},&quot;bt_bb_bottom_spacing_&quot;:{&quot;current_class&quot;:&quot;bt_bb_bottom_spacing_normal&quot;,&quot;xxl&quot;:&quot;normal&quot;,&quot;xl&quot;:&quot;normal&quot;}}\"><span class=\"bt_bb_overlay\"><\/span><div class=\"bt_bb_port\"><div class=\"bt_bb_cell\"><div class=\"bt_bb_cell_inner\"><div class=\"bt_bb_row_wrapper\"><div  class=\"bt_bb_row\"  data-bt-override-class=\"{}\"><div  class=\"bt_bb_column col-xl-12 col-xs-12 col-sm-12 col-md-12 col-lg-12 bt_bb_align_left bt_bb_vertical_align_top bt_bb_padding_normal\"  data-width=\"12\" data-bt-override-class=\"{}\"><div class=\"bt_bb_column_content\"><div class=\"bt_bb_column_content_inner\"><div  class=\"bt_bb_text\" ><p>Unser hauseigenes Unternehmen und unsere Partner in Indien sind mit einer breiten Palette von Bau- und Hausautomationsl\u00f6sungen verbunden. Mit erfahrenen und hochqualifizierten technischen Team ist es m\u00f6glich, gro\u00dfe Projekte zu entwerfen und High-End-Automatisierungsl\u00f6sungen zu verwalten.<\/p>\n<\/div><div class=\"bt_bb_row_wrapper\"><div  class=\"bt_bb_row_inner\"  data-bt-override-class=\"{}\"><div  class=\"bt_bb_column_inner col-xl-12 col-xs-12 col-sm-12 col-md-12 col-lg-12 bt_bb_align_left bt_bb_vertical_align_top\"  data-width=\"12\" data-bt-override-class=\"{}\"><div class=\"bt_bb_column_inner_content\"><div class=\"bt_bb_raw_content\">&nbsp;<\/div><\/div><\/div><\/div><\/div><div class=\"bt_bb_row_wrapper\"><div  class=\"bt_bb_row_inner\"  data-bt-override-class=\"{}\"><div  class=\"bt_bb_column_inner col-xl-4 col-xs-12 col-sm-12 col-md-12 col-lg-4 bt_bb_align_left bt_bb_vertical_align_top\"  data-width=\"4\" data-bt-override-class=\"{}\"><div class=\"bt_bb_column_inner_content\"><div class=\"bt_bb_image bt_bb_shape_square bt_bb_align_inherit bt_bb_hover_style_simple bt_bb_content_display_always bt_bb_content_align_middle bt_bb_remove_padding_yes bt_bb_fill_background_color_full\" data-bt-override-class=\"{&quot;bt_bb_align_&quot;:{&quot;current_class&quot;:&quot;bt_bb_align_inherit&quot;,&quot;xxl&quot;:&quot;inherit&quot;,&quot;xl&quot;:&quot;inherit&quot;}}\"><span><img src = \"https:\/\/hubrum.eu\/wp-content\/plugins\/bold-page-builder\/img\/blank.gif\" data-full_image_src=\"https:\/\/hubrum.eu\/wp-content\/uploads\/2023\/01\/Smart-Lighting.png\" data-image_src=\"https:\/\/hubrum.eu\/wp-content\/uploads\/2023\/01\/Smart-Lighting-640x427.png\" title=\"Smart-Lighting\" alt=\"https:\/\/hubrum.eu\/wp-content\/uploads\/2023\/01\/Smart-Lighting-640x427.png\" class=\"btLazyLoadImage\"><\/span><\/div><\/div><\/div><div  class=\"bt_bb_column_inner col-xl-4 col-xs-12 col-sm-12 col-md-12 col-lg-4 bt_bb_align_left bt_bb_vertical_align_top\"  data-width=\"4\" data-bt-override-class=\"{}\"><div class=\"bt_bb_column_inner_content\"><div class=\"bt_bb_image bt_bb_shape_square bt_bb_align_inherit bt_bb_hover_style_simple bt_bb_content_display_always bt_bb_content_align_middle bt_bb_remove_padding_yes bt_bb_fill_background_color_full\" data-bt-override-class=\"{&quot;bt_bb_align_&quot;:{&quot;current_class&quot;:&quot;bt_bb_align_inherit&quot;,&quot;xxl&quot;:&quot;inherit&quot;,&quot;xl&quot;:&quot;inherit&quot;}}\"><span><img src = \"https:\/\/hubrum.eu\/wp-content\/plugins\/bold-page-builder\/img\/blank.gif\" data-full_image_src=\"https:\/\/hubrum.eu\/wp-content\/uploads\/2023\/01\/automatic-swing-gate.jpg\" data-image_src=\"https:\/\/hubrum.eu\/wp-content\/uploads\/2023\/01\/automatic-swing-gate-640x427.jpg\" title=\"automatic-swing-gate\" alt=\"https:\/\/hubrum.eu\/wp-content\/uploads\/2023\/01\/automatic-swing-gate-640x427.jpg\" class=\"btLazyLoadImage\"><\/span><\/div><\/div><\/div><div  class=\"bt_bb_column_inner col-xl-4 col-xs-12 col-sm-12 col-md-12 col-lg-4 bt_bb_align_left bt_bb_vertical_align_top\"  data-width=\"4\" data-bt-override-class=\"{}\"><div class=\"bt_bb_column_inner_content\"><div class=\"bt_bb_image bt_bb_shape_square bt_bb_align_inherit bt_bb_hover_style_simple bt_bb_content_display_always bt_bb_content_align_middle bt_bb_remove_padding_yes bt_bb_fill_background_color_full\" data-bt-override-class=\"{&quot;bt_bb_align_&quot;:{&quot;current_class&quot;:&quot;bt_bb_align_inherit&quot;,&quot;xxl&quot;:&quot;inherit&quot;,&quot;xl&quot;:&quot;inherit&quot;}}\"><span><img src = \"https:\/\/hubrum.eu\/wp-content\/plugins\/bold-page-builder\/img\/blank.gif\" data-full_image_src=\"https:\/\/hubrum.eu\/wp-content\/uploads\/2023\/01\/home-theater.jpg\" data-image_src=\"https:\/\/hubrum.eu\/wp-content\/uploads\/2023\/01\/home-theater.jpg\" title=\"home theater\" alt=\"Private home cinema room.(World map texture courtesy of NASA: https:\/\/visibleearth.nasa.gov\/view.php?id=55167)\" class=\"btLazyLoadImage\"><\/span><\/div><\/div><\/div><\/div><\/div><div class=\"bt_bb_row_wrapper\"><div  class=\"bt_bb_row_inner\"  data-bt-override-class=\"{}\"><div  class=\"bt_bb_column_inner col-xl-12 col-xs-12 col-sm-12 col-md-12 col-lg-12 bt_bb_align_left bt_bb_vertical_align_top\"  data-width=\"12\" data-bt-override-class=\"{}\"><div class=\"bt_bb_column_inner_content\"><div class=\"bt_bb_raw_content\">&nbsp;<\/div><\/div><\/div><\/div><\/div><div  class=\"bt_bb_text\" ><p>Wir liefern unser Know-how in<\/p>\n<h6>L\u00f6sungen f\u00fcr das Smart Home<\/h6>\n<p>Smart home technology refers to any suite of devices, appliances, or systems that connect into a common network that can be independently and remotely controlled. When your home technology works together in one system, as a \u201cconnected home\u201d.<\/p>\n<h6>Intelligente Beleuchtung\/Smart Light<\/h6>\n<h6>Integrierte Heimkino-Automatisierung<\/h6>\n<h6>Video-T\u00fcrtelefone<\/h6>\n<h6>Multi-Room Video<\/h6>\n<h6>Klimaregelung<\/h6>\n<h6>Sicherheitskontrolle<\/h6>\n<h6>Automatisierte Tore &amp; Rolll\u00e4den<\/h6>\n<p>Automatisiertes System<br \/>\nVerwaltung  all Ihrer Ger\u00e4te von einem Ort aus. Flexibilit\u00e4t f\u00fcr neue Ger\u00e4te und Apparate. Maximierung der Sicherheit und Fernsteuerung. Erh\u00f6hte Energieeffizienz<\/p>\n<h6>Automatischer Dach\u00f6ffner<\/h6>\n<h6>Automatischer T\u00fcr\u00f6ffner<\/h6>\n<h6>Automatisches Jalousiesystem<\/h6>\n<h6>Sicherheits- und Schutzsystem<\/h6>\n<p>Es gibt viele Vorteile, ein Heimsicherheits\u00fcberwachungssystem zu besitzen. Sie helfen, Ihre Familie sicher zu halten, lassen Sie sich auf die wichtigeren Aspekte des Lebens konzentrieren und bieten Ihenen Seelenfrieden.<\/p>\n<h6>Einbruchmelder<\/h6>\n<h6>\u00dcberwachungskamera<\/h6>\n<h6>Sensoren<\/h6>\n<h6>Video-T\u00fcrtelefone<\/h6>\n<\/div><\/div><\/div><\/div><\/div><\/div><div class=\"bt_bb_row_wrapper\"><div  class=\"bt_bb_row\"  data-bt-override-class=\"{}\"><div  class=\"bt_bb_column col-xl-12 col-xs-12 col-sm-12 col-md-12 col-lg-12 bt_bb_align_left bt_bb_vertical_align_top bt_bb_padding_normal\"  data-width=\"12\" data-bt-override-class=\"{}\"><div class=\"bt_bb_column_content\"><div class=\"bt_bb_column_content_inner\"><\/div><\/div><\/div><\/div><\/div><\/div><\/div><\/div><\/section>","protected":false},"excerpt":{"rendered":"","protected":false},"author":1,"featured_media":2968,"parent":0,"menu_order":0,"comment_status":"closed","ping_status":"closed","template":"","meta":[],"_links":{"self":[{"href":"https:\/\/hubrum.eu\/de\/wp-json\/wp\/v2\/pages\/2604"}],"collection":[{"href":"https:\/\/hubrum.eu\/de\/wp-json\/wp\/v2\/pages"}],"about":[{"href":"https:\/\/hubrum.eu\/de\/wp-json\/wp\/v2\/types\/page"}],"author":[{"embeddable":true,"href":"https:\/\/hubrum.eu\/de\/wp-json\/wp\/v2\/users\/1"}],"replies":[{"embeddable":true,"href":"https:\/\/hubrum.eu\/de\/wp-json\/wp\/v2\/comments?post=2604"}],"version-history":[{"count":10,"href":"https:\/\/hubrum.eu\/de\/wp-json\/wp\/v2\/pages\/2604\/revisions"}],"predecessor-version":[{"id":2975,"href":"https:\/\/hubrum.eu\/de\/wp-json\/wp\/v2\/pages\/2604\/revisions\/2975"}],"wp:featuredmedia":[{"embeddable":true,"href":"https:\/\/hubrum.eu\/de\/wp-json\/wp\/v2\/media\/2968"}],"wp:attachment":[{"href":"https:\/\/hubrum.eu\/de\/wp-json\/wp\/v2\/media?parent=2604"}],"curies":[{"name":"wp","href":"https:\/\/api.w.org\/{rel}","templated":true}]}}