{"id":2608,"date":"2023-01-19T05:59:22","date_gmt":"2023-01-19T05:59:22","guid":{"rendered":"https:\/\/new.hubrum.eu\/?page_id=2608"},"modified":"2023-02-08T06:41:41","modified_gmt":"2023-02-08T06:41:41","slug":"technical-consulting","status":"publish","type":"page","link":"https:\/\/hubrum.eu\/de\/technical-consulting\/","title":{"rendered":"Technische Beratung"},"content":{"rendered":"<section id=\"bt_bb_section69ef10d945b24\"  class=\"bt_bb_section bt_bb_layout_boxed_1200 bt_bb_vertical_align_top bt_bb_top_spacing_normal bt_bb_bottom_spacing_normal\"   data-bt-override-class=\"{&quot;bt_bb_top_spacing_&quot;:{&quot;current_class&quot;:&quot;bt_bb_top_spacing_normal&quot;,&quot;xxl&quot;:&quot;normal&quot;,&quot;xl&quot;:&quot;normal&quot;},&quot;bt_bb_bottom_spacing_&quot;:{&quot;current_class&quot;:&quot;bt_bb_bottom_spacing_normal&quot;,&quot;xxl&quot;:&quot;normal&quot;,&quot;xl&quot;:&quot;normal&quot;}}\"><span class=\"bt_bb_overlay\"><\/span><div class=\"bt_bb_port\"><div class=\"bt_bb_cell\"><div class=\"bt_bb_cell_inner\"><div class=\"bt_bb_row_wrapper\"><div  class=\"bt_bb_row\"  data-bt-override-class=\"{}\"><div  class=\"bt_bb_column col-xl-4 col-xs-12 col-sm-12 col-md-12 col-lg-4 bt_bb_align_left bt_bb_vertical_align_top bt_bb_padding_normal\"  data-width=\"4\" data-bt-override-class=\"{}\"><div class=\"bt_bb_column_content\"><div class=\"bt_bb_column_content_inner\"><div id=\"oumenu\" class=\"bt_bb_custom_menu ouclass bt_bb_direction_vertical bt_bb_font_weight_normal\"><div class=\"menu-operations-unit-container\"><ul id=\"menu-operations-unit\" class=\"menu\"><li id=\"menu-item-3045\" class=\"menu-item menu-item-type-post_type menu-item-object-page menu-item-3045\"><a href=\"https:\/\/hubrum.eu\/de\/technical-consulting\/\">Technische Beratung<\/a><\/li>\n<li id=\"menu-item-3046\" class=\"menu-item menu-item-type-post_type menu-item-object-page menu-item-3046\"><a href=\"https:\/\/hubrum.eu\/de\/basic-engineering-design\/\">Grundlegendes technisches Design<\/a><\/li>\n<li id=\"menu-item-3047\" class=\"menu-item menu-item-type-post_type menu-item-object-page menu-item-3047\"><a href=\"https:\/\/hubrum.eu\/de\/field-development-planning\/\">Feldentwicklung &amp; Planung<\/a><\/li>\n<li id=\"menu-item-3069\" class=\"menu-item menu-item-type-post_type menu-item-object-page menu-item-3069\"><a href=\"https:\/\/hubrum.eu\/de\/brownfield-services\/\">Brownfield-Dienstleistungen<\/a><\/li>\n<li id=\"menu-item-3070\" class=\"menu-item menu-item-type-post_type menu-item-object-page menu-item-3070\"><a href=\"https:\/\/hubrum.eu\/de\/process-risk-safety\/\">Prozess, Risiko &amp; Sicherheit<\/a><\/li>\n<li id=\"menu-item-3071\" class=\"menu-item menu-item-type-post_type menu-item-object-page menu-item-3071\"><a href=\"https:\/\/hubrum.eu\/de\/specialty-consulting\/\">Fachberatung<\/a><\/li>\n<li id=\"menu-item-3072\" class=\"menu-item menu-item-type-post_type menu-item-object-page menu-item-3072\"><a href=\"https:\/\/hubrum.eu\/de\/complete-lifecycle-support\/\">Vollst\u00e4ndiger Lifecycle-Support<\/a><\/li>\n<\/ul><\/div><\/div><\/div><\/div><\/div><div  class=\"bt_bb_column col-xl-8 col-xs-12 col-sm-12 col-md-12 col-lg-8 bt_bb_align_left bt_bb_vertical_align_top bt_bb_padding_normal\"  data-width=\"8\" data-bt-override-class=\"{}\"><div class=\"bt_bb_column_content\"><div class=\"bt_bb_column_content_inner\"><div  class=\"bt_bb_text\" ><h4>Wir bieten umfassende Infrastruktur-, Technologie- und gute L\u00f6sungen, um Gemeinden bei der Vorbereitung, Anpassung, Minderung und Wiederherstellung von berufsbedingten Risiken zu unterst\u00fctzen.<\/h4>\n<\/div><div class=\"bt_bb_video bt_bb_disable_controls_no\"><div class=\"bt-video-container\"><div style=\"width: 100%;\" class=\"wp-video\"><video class=\"wp-video-shortcode\" id=\"video-2608-1\" width=\"640\" height=\"360\" preload=\"metadata\" controls=\"controls\"><source type=\"video\/youtube\" src=\"https:\/\/www.youtube.com\/watch?v=0mTrB1Dl7Y8&#038;_=1\" \/><\/video><\/div><\/div><\/div><div  class=\"bt_bb_text\" ><p>Wir denken anders \u00fcber die Zukunft. Deshalb planen wir  \u00fcber den heutigen Tag hinaus, um Resilienz aufzubauen und das Versprechen von mehr zu erf\u00fcllen. Mit Niederlassungen im ganzen K\u00f6nigreich und der F\u00e4higkeit, unsere Belegschaft auf der ganzen Welt zu mobilisieren, ist HUBRUM f\u00fchrend in den Bem\u00fchungen f\u00fcr eine nachhaltige Zukunft.<\/p>\n<\/div><\/div><\/div><\/div><\/div><\/div><\/div><\/div><\/div><\/section>","protected":false},"excerpt":{"rendered":"","protected":false},"author":1,"featured_media":2807,"parent":0,"menu_order":0,"comment_status":"closed","ping_status":"closed","template":"","meta":[],"_links":{"self":[{"href":"https:\/\/hubrum.eu\/de\/wp-json\/wp\/v2\/pages\/2608"}],"collection":[{"href":"https:\/\/hubrum.eu\/de\/wp-json\/wp\/v2\/pages"}],"about":[{"href":"https:\/\/hubrum.eu\/de\/wp-json\/wp\/v2\/types\/page"}],"author":[{"embeddable":true,"href":"https:\/\/hubrum.eu\/de\/wp-json\/wp\/v2\/users\/1"}],"replies":[{"embeddable":true,"href":"https:\/\/hubrum.eu\/de\/wp-json\/wp\/v2\/comments?post=2608"}],"version-history":[{"count":12,"href":"https:\/\/hubrum.eu\/de\/wp-json\/wp\/v2\/pages\/2608\/revisions"}],"predecessor-version":[{"id":3089,"href":"https:\/\/hubrum.eu\/de\/wp-json\/wp\/v2\/pages\/2608\/revisions\/3089"}],"wp:featuredmedia":[{"embeddable":true,"href":"https:\/\/hubrum.eu\/de\/wp-json\/wp\/v2\/media\/2807"}],"wp:attachment":[{"href":"https:\/\/hubrum.eu\/de\/wp-json\/wp\/v2\/media?parent=2608"}],"curies":[{"name":"wp","href":"https:\/\/api.w.org\/{rel}","templated":true}]}}