{"id":2623,"date":"2023-01-19T06:05:22","date_gmt":"2023-01-19T06:05:22","guid":{"rendered":"https:\/\/new.hubrum.eu\/?page_id=2623"},"modified":"2023-01-30T09:40:24","modified_gmt":"2023-01-30T09:40:24","slug":"retail","status":"publish","type":"page","link":"https:\/\/hubrum.eu\/de\/retail\/","title":{"rendered":"Einzelhandel"},"content":{"rendered":"<section id=\"bt_bb_section69df1cb6ace3b\"  class=\"bt_bb_section bt_bb_layout_boxed_1200 bt_bb_top_spacing_normal bt_bb_bottom_spacing_normal\"   data-bt-override-class=\"{&quot;bt_bb_top_spacing_&quot;:{&quot;current_class&quot;:&quot;bt_bb_top_spacing_normal&quot;,&quot;xxl&quot;:&quot;normal&quot;,&quot;xl&quot;:&quot;normal&quot;},&quot;bt_bb_bottom_spacing_&quot;:{&quot;current_class&quot;:&quot;bt_bb_bottom_spacing_normal&quot;,&quot;xxl&quot;:&quot;normal&quot;,&quot;xl&quot;:&quot;normal&quot;}}\"><span class=\"bt_bb_overlay\"><\/span><div class=\"bt_bb_port\"><div class=\"bt_bb_cell\"><div class=\"bt_bb_cell_inner\"><div class=\"bt_bb_row_wrapper\"><div  class=\"bt_bb_row\"  data-bt-override-class=\"{}\"><div  class=\"bt_bb_column col-xl-12 col-xs-12 col-sm-12 col-md-12 col-lg-12 bt_bb_align_left bt_bb_vertical_align_top bt_bb_padding_normal\"  data-width=\"12\" data-bt-override-class=\"{}\"><div class=\"bt_bb_column_content\"><div class=\"bt_bb_column_content_inner\"><div  class=\"bt_bb_text\" ><p>Im heutigen schnelllebigen und sich st\u00e4ndig ver\u00e4ndernden Gesch\u00e4ftsumfeld stehen Einzelh\u00e4ndler vor einer Vielzahl von Herausforderungen, um wettbewerbsf\u00e4hig zu bleiben. Einer der wichtigsten M\u00f6glichkeiten f\u00fcr Einzelh\u00e4ndler, die Ihnen helfen, die Zeit voraus  zu sein, ist die Nutzung der Leistungsf\u00e4higkeit von Technologie und Softwareentwicklung.<\/p>\n<p>Einer der wichtigsten Bereiche, in denen die Softwareentwicklung einen gro\u00dfen Einfluss auf die Einzelhandelsbranche hat, ist die Entwicklung von E-Commerce-Plattformen. E-Commerce-Plattformen erm\u00f6glichen es Einzelh\u00e4ndlern, ihre Produkte online zu verkaufen, ein breiteres Publikum zu erreichen und ihren Kundenstamm zu erweitern. Diese Technologie erm\u00f6glicht eine Reihe neuer Funktionen und Dienste, wie Online-Einkaufswagen, Suchfunktionen und Kundenbewertungen.<\/p>\n<p>Ein weiterer wichtiger Bereich, in dem sich die Softwareentwicklung auf den Einzelhandel auswirkt, ist die Entwicklung von Handy-Anwendungen. Mobile Anwendungen erm\u00f6glichen es Einzelh\u00e4ndlern, auch unterwegs mit Kunden in Kontakt zu treten, sie mit Echtzeitinformationen \u00fcber Produkte und Dienstleistungen zu versorgen und ihnen die M\u00f6glichkeit zu geben , Eink\u00e4ufe auf ihren Handy-Ger\u00e4ten zu t\u00e4tigen.<\/p>\n<p>Die Nachhaltigkeit wird auch im Einzelhandel zu einem zentralen Thema, da Verbraucher und staatliche Vorschriften umweltfreundlichere und sozial verantwortungsbewusstere Produkte und Dienstleistungen fordern. Die Softwareentwicklung kann dabei helfen, diese Ziele zu unterst\u00fctzen, indem Einzelh\u00e4ndlern ihren Betrieb optimieren und die Nachhaltigkeit ihrer Produkte und Dienstleistungen verbessern k\u00f6nnen.<\/p>\n<p>Dar\u00fcber hinaus ver\u00e4ndert der Einsatz von Industrie 4.0-Technologien wie IoT, Big Data und KI die Art und Weise, wie Einzelh\u00e4ndler arbeiten, und sie m\u00fcssen sich anpassen, um wettbewerbsf\u00e4hig zu bleiben.<\/p>\n<p>Unser Team von Software-Entwicklungsexperten kann Ihnen helfen, einen Schritt voraus zu sein, indem wir Ihnen ma\u00dfgeschneiderte Softwarel\u00f6sungen anbieten, die auf die individuellen Bed\u00fcrfnisse Ihres Unternehmens zugeschnitten sind. Wir verf\u00fcgen \u00fcber umfangreiche Erfahrung in der Einzelhandelsbranche und ein tiefes Verst\u00e4ndnis f\u00fcr die neuesten Trends und Entwicklungen.<\/p>\n<\/div><div  class=\"bt_bb_text\" ><p>Unsere Dienstleistungen umfassen unter anderem :<\/p>\n<ul>\n<li>\u2022\tE-Commerce-Plattformentwicklung: Wir k\u00f6nnen Ihnen helfen, eine E-Commerce-Plattform zu entwickeln, die es Ihnen erm\u00f6glicht, Ihre Produkte online zu verkaufen, ein breiteres Publikum zu erreichen und Ihren Kundenstamm zu erweitern.<\/li>\n<li>\u2022\tHandy App-Entwicklung: Wir k\u00f6nnen Ihnen helfen, mobile Anwendungen zu entwickeln, die es Ihnen erm\u00f6glichen, unterwegs mit Kunden in Kontakt zu treten, ihnen Echtzeitinformationen \u00fcber Produkte und Dienstleistungen bereitzustellen und ihnen die M\u00f6glichkeit zu geben, Eink\u00e4ufe auf ihren  Handy zu t\u00e4tigen.<\/li>\n<li>\u2022\tNachhaltigkeit: Wir k\u00f6nnen Ihnen helfen, Software zu entwickeln, die es Ihnen erm\u00f6glicht, Ihren Betrieb zu optimieren und die Nachhaltigkeit Ihrer Produkte und Dienstleistungen zu verbessern.<\/li>\n<li>\u2022\tIndustrie 4.0: Wir k\u00f6nnen Ihnen helfen, Software zu entwickeln, die es Ihnen erm\u00f6glicht, IoT-, Bigdata- und KI-Technologien zu verwenden, um das Design, die Produktion und Wartung Ihrer Produkte und Dienstleistungen zu verbessern.<\/li>\n<li>\u2022\tKundenspezifische Softwareentwicklung: Wir k\u00f6nnen Ihnen helfen, kundenspezifische Softwarel\u00f6sungen zu entwickeln, die den einzigartigen Bed\u00fcrfnissen Ihres Unternehmens entsprechen.<\/li>\n<li>\u2022\tWartung und Support: Wir helfen Ihnen bei der Wartung und dem Support Ihrer Software, damit sie auf dem neuesten Stand bleibt und den sich \u00e4ndernden Anforderungen Ihres Unternehmens gerecht wird.<\/li>\n<li><\/li>\n<\/ul>\n<p>Unser Team besteht aus erfahrenen Softwareentwicklern, die \u00fcber ein tiefes Verst\u00e4ndnis der neuesten Technologien und Trends verf\u00fcgen. Wir arbeiten eng mit unseren Kunden zusammen, um ihre einzigartigen Bed\u00fcrfnisse und Herausforderungen zu verstehen, und wir passen unsere Dienstleistungen an ihre spezifischen Anforderungen an.<\/p>\n<p>Wenn Sie mehr dar\u00fcber erfahren m\u00f6chten, wie unsere Softwareentwicklungsdienste Ihrem Unternehmen helfen k\u00f6nnen, im Einzelhandel wettbewerbsf\u00e4hig zu bleiben, kontaktieren Sie uns bitte. Wir w\u00fcrden uns freuen, Ihre Bed\u00fcrfnisse zu besprechen und Ihnen ein individuelles Angebot zu unterbreiten.<\/p>\n<\/div><\/div><\/div><\/div><\/div><\/div><\/div><\/div><\/div><\/section>","protected":false},"excerpt":{"rendered":"","protected":false},"author":1,"featured_media":2961,"parent":0,"menu_order":0,"comment_status":"closed","ping_status":"closed","template":"","meta":[],"_links":{"self":[{"href":"https:\/\/hubrum.eu\/de\/wp-json\/wp\/v2\/pages\/2623"}],"collection":[{"href":"https:\/\/hubrum.eu\/de\/wp-json\/wp\/v2\/pages"}],"about":[{"href":"https:\/\/hubrum.eu\/de\/wp-json\/wp\/v2\/types\/page"}],"author":[{"embeddable":true,"href":"https:\/\/hubrum.eu\/de\/wp-json\/wp\/v2\/users\/1"}],"replies":[{"embeddable":true,"href":"https:\/\/hubrum.eu\/de\/wp-json\/wp\/v2\/comments?post=2623"}],"version-history":[{"count":4,"href":"https:\/\/hubrum.eu\/de\/wp-json\/wp\/v2\/pages\/2623\/revisions"}],"predecessor-version":[{"id":2923,"href":"https:\/\/hubrum.eu\/de\/wp-json\/wp\/v2\/pages\/2623\/revisions\/2923"}],"wp:featuredmedia":[{"embeddable":true,"href":"https:\/\/hubrum.eu\/de\/wp-json\/wp\/v2\/media\/2961"}],"wp:attachment":[{"href":"https:\/\/hubrum.eu\/de\/wp-json\/wp\/v2\/media?parent=2623"}],"curies":[{"name":"wp","href":"https:\/\/api.w.org\/{rel}","templated":true}]}}