{"id":2625,"date":"2023-01-19T06:05:34","date_gmt":"2023-01-19T06:05:34","guid":{"rendered":"https:\/\/new.hubrum.eu\/?page_id=2625"},"modified":"2023-01-29T17:02:54","modified_gmt":"2023-01-29T17:02:54","slug":"manufacturing","status":"publish","type":"page","link":"https:\/\/hubrum.eu\/de\/manufacturing\/","title":{"rendered":"Herstellung"},"content":{"rendered":"<section id=\"bt_bb_section69e73f94c4996\"  class=\"bt_bb_section bt_bb_layout_boxed_1200 bt_bb_top_spacing_normal bt_bb_bottom_spacing_normal\"   data-bt-override-class=\"{&quot;bt_bb_top_spacing_&quot;:{&quot;current_class&quot;:&quot;bt_bb_top_spacing_normal&quot;,&quot;xxl&quot;:&quot;normal&quot;,&quot;xl&quot;:&quot;normal&quot;},&quot;bt_bb_bottom_spacing_&quot;:{&quot;current_class&quot;:&quot;bt_bb_bottom_spacing_normal&quot;,&quot;xxl&quot;:&quot;normal&quot;,&quot;xl&quot;:&quot;normal&quot;}}\"><span class=\"bt_bb_overlay\"><\/span><div class=\"bt_bb_port\"><div class=\"bt_bb_cell\"><div class=\"bt_bb_cell_inner\"><div class=\"bt_bb_row_wrapper\"><div  class=\"bt_bb_row\"  data-bt-override-class=\"{}\"><div  class=\"bt_bb_column col-xl-12 col-xs-12 col-sm-12 col-md-12 col-lg-12 bt_bb_align_left bt_bb_vertical_align_top bt_bb_padding_normal\"  data-width=\"12\" data-bt-override-class=\"{}\"><div class=\"bt_bb_column_content\"><div class=\"bt_bb_column_content_inner\"><div  class=\"bt_bb_text\" ><p>Im heutigen schnelllebigen und sich st\u00e4ndig ver\u00e4ndernden Gesch\u00e4ftsumfeld stehen die Hersteller vor einer Vielzahl von Herausforderungen, um wettbewerbsf\u00e4hig zu bleiben. Eine der wichtigsten M\u00f6glichkeiten, um den Herstellern einen Schritt voraus zu sein, besteht darin, die Leistungsf\u00e4higkeit von Technologie und Softwareentwicklung zu nutzen.<\/p>\n<p>Einer der Bereiche, in denen die Softwareentwicklung einen gro\u00dfen Einfluss auf die Fertigungsindustrie hat, ist die Entwicklung von Industrie-4.0-Technologien wie IoT, Big Data und KI. Diese Technologien erm\u00f6glichen es Herstellern, ihren Betrieb zu optimieren, ihre Produkte und Dienstleistungen zu verbessern und ihre Effizienz zu steigern.<\/p>\n<p>Ein weiterer wichtiger Bereich, in dem sich die Softwareentwicklung auf die Fertigungsindustrie auswirkt, ist die Entwicklung von ERP-Systemen (Enterprise Resource Planning). ERP-Systeme erm\u00f6glichen es Herstellern, alle Aspekte ihres Gesch\u00e4fts zu verwalten und zu integrieren, einschlie\u00dflich Bestandsverwaltung, Buchhaltung und Kundenbeziehungsmanagement.<\/p>\n<p>Nachhaltigkeit wird auch in der verarbeitenden Industrie zu einem Schl\u00fcsselthema, da Verbraucher und staatliche Vorschriften umweltfreundlichere und sozial verantwortungsbewusstere Produkte und Dienstleistungen fordern. Die Softwareentwicklung kann dabei helfen, diese Ziele zu unterst\u00fctzen, indem die Herstellern ihren Betrieb optimieren und die Nachhaltigkeit ihrer Produkte und Dienstleistungen verbessern k\u00f6nnen.<\/p>\n<p>Unser Team von Software-Entwicklungsexperten kann Ihnen helfen, einen Schritt voraus zu sein, indem wir Ihnen ma\u00dfgeschneiderte Softwarel\u00f6sungen anbieten, die auf die individuellen Bed\u00fcrfnisse Ihres Unternehmens zugeschnitten sind. Wir verf\u00fcgen \u00fcber umfangreiche Erfahrung in der Fertigungsindustrie und ein tiefes Verst\u00e4ndnis der neuesten Trends und Entwicklungen.<\/p>\n<p>Unsere Dienstleistungen umfassen unter anderem :<\/p>\n<ul>\n<li>Industrie 4.0: Wir k\u00f6nnen Ihnen bei der Entwicklung von Software helfen, die es Ihnen erm\u00f6glicht, IoT-, Bigdata- und KI-Technologien zu nutzen, um das Design, die Produktion und die Wartung Ihrer Produkte und Dienstleistungen zu verbessern.<\/li>\n<li>ERP-Systeme (Enterprise Resource Planning): Wir k\u00f6nnen Ihnen helfen, ein ERP-System zu entwickeln, mit dem Sie alle Aspekte Ihres Unternehmens verwalten und integrieren k\u00f6nnen, einschlie\u00dflich Bestandsverwaltung, Buchhaltung und Kundenbeziehungsmanagement<\/li>\n<li>Nachhaltigkeit: Wir k\u00f6nnen Ihnen helfen, Software zu entwickeln, die es Ihnen erm\u00f6glicht, Ihren Betrieb zu optimieren und die Nachhaltigkeit Ihrer Produkte und Dienstleistungen zu verbessern.<\/li>\n<li>Kundenspezifische Softwareentwicklung: Wir k\u00f6nnen Ihnen helfen, kundenspezifische Softwarel\u00f6sungen zu entwickeln, die den einzigartigen Bed\u00fcrfnissen Ihres Unternehmens entsprechen.<\/li>\n<li>Wartung und Support: Wir k\u00f6nnen Ihnen helfen bei der Wartung Und unterst\u00fctzung  Ihrer Software, damit sie auf dem neuesten Stand bleibt und den sich \u00e4ndernden Anforderungen Ihres Unternehmens gerecht wird.<\/li>\n<\/ul>\n<p>Unser Team besteht aus erfahrenen Softwareentwicklern, die \u00fcber ein tiefes Verst\u00e4ndnis der neuesten Technologien und Trends verf\u00fcgen. Wir arbeiten eng mit unseren Kunden zusammen, um ihre einzigartigen Bed\u00fcrfnisse und Herausforderungen zu verstehen, und wir passen unsere Dienstleistungen an ihre spezifischen Anforderungen an.<\/p>\n<p>Wenn Sie daran interessiert sind, mehr dar\u00fcber zu erfahren, wie unsere Softwareentwicklungsdienste Ihrem Unternehmen helfen k\u00f6nnen, in der Fertigungsindustrie wettbewerbsf\u00e4hig zu bleiben, kontaktieren Sie uns bitte. Wir w\u00fcrden uns freuen, Ihre Bed\u00fcrfnisse zu besprechen und Ihnen ein ma\u00dfgeschneidertes Angebot zu unterbreiten.<\/p>\n<\/div><\/div><\/div><\/div><\/div><\/div><\/div><\/div><\/div><\/section>","protected":false},"excerpt":{"rendered":"","protected":false},"author":1,"featured_media":2910,"parent":0,"menu_order":0,"comment_status":"closed","ping_status":"closed","template":"","meta":[],"_links":{"self":[{"href":"https:\/\/hubrum.eu\/de\/wp-json\/wp\/v2\/pages\/2625"}],"collection":[{"href":"https:\/\/hubrum.eu\/de\/wp-json\/wp\/v2\/pages"}],"about":[{"href":"https:\/\/hubrum.eu\/de\/wp-json\/wp\/v2\/types\/page"}],"author":[{"embeddable":true,"href":"https:\/\/hubrum.eu\/de\/wp-json\/wp\/v2\/users\/1"}],"replies":[{"embeddable":true,"href":"https:\/\/hubrum.eu\/de\/wp-json\/wp\/v2\/comments?post=2625"}],"version-history":[{"count":4,"href":"https:\/\/hubrum.eu\/de\/wp-json\/wp\/v2\/pages\/2625\/revisions"}],"predecessor-version":[{"id":2922,"href":"https:\/\/hubrum.eu\/de\/wp-json\/wp\/v2\/pages\/2625\/revisions\/2922"}],"wp:featuredmedia":[{"embeddable":true,"href":"https:\/\/hubrum.eu\/de\/wp-json\/wp\/v2\/media\/2910"}],"wp:attachment":[{"href":"https:\/\/hubrum.eu\/de\/wp-json\/wp\/v2\/media?parent=2625"}],"curies":[{"name":"wp","href":"https:\/\/api.w.org\/{rel}","templated":true}]}}