{"id":2627,"date":"2023-01-19T06:05:44","date_gmt":"2023-01-19T06:05:44","guid":{"rendered":"https:\/\/new.hubrum.eu\/?page_id=2627"},"modified":"2023-01-29T17:01:08","modified_gmt":"2023-01-29T17:01:08","slug":"automobile","status":"publish","type":"page","link":"https:\/\/hubrum.eu\/de\/automobile\/","title":{"rendered":"Automobil"},"content":{"rendered":"<section id=\"bt_bb_section69e49ed8ca5fb\"  class=\"bt_bb_section bt_bb_layout_boxed_1200 bt_bb_top_spacing_normal bt_bb_bottom_spacing_normal\"   data-bt-override-class=\"{&quot;bt_bb_top_spacing_&quot;:{&quot;current_class&quot;:&quot;bt_bb_top_spacing_normal&quot;,&quot;xxl&quot;:&quot;normal&quot;,&quot;xl&quot;:&quot;normal&quot;},&quot;bt_bb_bottom_spacing_&quot;:{&quot;current_class&quot;:&quot;bt_bb_bottom_spacing_normal&quot;,&quot;xxl&quot;:&quot;normal&quot;,&quot;xl&quot;:&quot;normal&quot;}}\"><span class=\"bt_bb_overlay\"><\/span><div class=\"bt_bb_port\"><div class=\"bt_bb_cell\"><div class=\"bt_bb_cell_inner\"><div class=\"bt_bb_row_wrapper\"><div  class=\"bt_bb_row\"  data-bt-override-class=\"{}\"><div  class=\"bt_bb_column col-xl-12 col-xs-12 col-sm-12 col-md-12 col-lg-12 bt_bb_align_left bt_bb_vertical_align_top bt_bb_padding_normal\"  data-width=\"12\" data-bt-override-class=\"{}\"><div class=\"bt_bb_column_content\"><div class=\"bt_bb_column_content_inner\"><div  class=\"bt_bb_text\" ><p>Die Automobilindustrie entwickelt sich rasant, und es tauchen st\u00e4ndig neue Technologien und Trends auf. Damit gewinnt die Softwareentwicklung f\u00fcr Automobilhersteller immer mehr an Bedeutung, um wettbewerbsf\u00e4hig zu bleiben und den Anforderungen der Verbraucher zu erf\u00fcllen.<\/p>\n<p>Einer der wichtigsten Bereiche, in denen die Softwareentwicklung einen gro\u00dfen Einfluss auf die Automobilindustrie hat, ist die Entwicklung von vernetzten Autos. Vernetzte Autos sind Fahrzeuge, die mit einer Internetverbindung ausgestattet sind, die es ihnen erm\u00f6glicht, mit anderen Ger\u00e4ten und Systemen zu kommunizieren. Diese Technologie erm\u00f6glicht eine Reihe neuer Funktionen und Dienste, wie Echtzeit-Verkehrsaktualisierungen, Ferndiagnosen und Softwareupdates \u00fcber die Luft<\/p>\n<p>Ein weiterer wichtiger Bereich, in dem sich die Softwareentwicklung auf die Automobilindustrie auswirkt, ist die Entwicklung von autonomen Fahrzeuge. Die autonomen Fahrzeuge sind Fahrzeuge, die in der Lage sind, ohne menschliche Eingaben selbst zu fahren. Es wird erwartet, dass diese Technologie erhebliche Auswirkungen auf die Branche haben wird, da sie m\u00f6glicherweise die Anzahl der Unf\u00e4lle durch menschliches Versagen verringert und die Effizienz auf den Stra\u00dfen erh\u00f6ht.<\/p>\n<p>Die Nachhaltigkeit wird auch in der Automobilindustrie zu einem zentralen Thema, da Verbraucher und staatliche Vorschriften umweltfreundlichere und sozial verantwortungsbewusstere Fahrzeuge fordern. Die Softwareentwicklung kann dazu beitragen, diese Ziele zu unterst\u00fctzen, indem sie es den Automobilherstellern erm\u00f6glicht, ihren Betrieb zu optimieren und die Kraftstoffeffizienz ihrer Fahrzeuge zu verbessern.<\/p>\n<p>Dar\u00fcber hinaus ver\u00e4ndert der Einsatz von Industrie 4.0-Technologien wie IoT, Big Data und KI die Art und Weise, wie Automobilhersteller Fahrzeuge produzieren und entwerfen, und sie m\u00fcssen sich anpassen, um wettbewerbsf\u00e4hig zu bleiben<\/p>\n<p>Unser Team von Software-Entwicklungsexperten kann Ihnen helfen, einen Schritt voraus zu sein, indem wir Ihnen ma\u00dfgeschneiderte Softwarel\u00f6sungen anbieten, die auf die individuellen Bed\u00fcrfnisse Ihres Unternehmens zugeschnitten sind. Wir verf\u00fcgen \u00fcber umfangreiche Erfahrung in der Automobilindustrie und ein tiefes Verst\u00e4ndnis f\u00fcr die neuesten Trends und Entwicklungen.<\/p>\n<p>Unsere Dienstleistungen umfassen unter anderem :<\/p>\n<ul>\n<li>Vernetzte Fahrzeugentwicklung: Wir k\u00f6nnen Ihnen bei der Entwicklung von Software helfen, die es Ihren Fahrzeugen erm\u00f6glicht, mit anderen Ger\u00e4ten und Systemen zu kommunizieren und neue Funktionen und Dienste wie Echtzeit-Verkehrsaktualisierungen und Ferndiagnosen zu erm\u00f6glichen<\/li>\n<li>Autonome Fahrzeugentwicklung: Wir unterst\u00fctzen Sie bei der Entwicklung von Software, die es Ihren Fahrzeugen erm\u00f6glicht, selbst zu fahren und so die Sicherheit und Effizienz auf den Stra\u00dfen zu erh\u00f6hen.<\/li>\n<li>Nachhaltigkeit: Wir k\u00f6nnen Ihnen helfen, Software zu entwickeln, die es Ihnen erm\u00f6glicht, Ihren Betrieb zu optimieren und die Kraftstoffeffizienz Ihrer Fahrzeuge zu verbessern.<\/li>\n<li>Industrie 4.0: Wir k\u00f6nnen Ihnen bei der Entwicklung von Software helfen, die es Ihnen erm\u00f6glicht, IoT-, Bigdata- und KI-Technologien zu nutzen, um das Design, die Produktion und die Wartung Ihrer Fahrzeuge zu verbessern.<\/li>\n<li>Kundenspezifische Softwareentwicklung: Wir k\u00f6nnen Ihnen helfen, kundenspezifische Softwarel\u00f6sungen zu entwickeln, die den einzigartigen Bed\u00fcrfnissen Ihres Unternehmens entsprechen.<\/li>\n<li>Wartung und Support: Wir k\u00f6nnen Ihnen helfen bei der Wartung Und unterst\u00fctzung  Ihrer Software, damit sie auf dem neuesten Stand bleibt und den sich \u00e4ndernden Anforderungen Ihres Unternehmens gerecht wird.<\/li>\n<\/ul>\n<p>Unser Team besteht aus erfahrenen Softwareentwicklern, die \u00fcber ein tiefes Verst\u00e4ndnis der neuesten Technologien und Trends verf\u00fcgen. Wir arbeiten eng mit unseren Kunden zusammen, um ihre einzigartigen Bed\u00fcrfnisse und Herausforderungen zu verstehen, und wir passen unsere Dienstleistungen an ihre spezifischen Anforderungen an.<\/p>\n<p>Wenn Sie daran interessiert sind, mehr dar\u00fcber zu erfahren, wie unsere Softwareentwicklungsdienste Ihrem Unternehmen helfen k\u00f6nnen, in der Automobilindustrie wettbewerbsf\u00e4hig zu bleiben, kontaktieren Sie uns bitte. Wir w\u00fcrden uns freuen, Ihre Bed\u00fcrfnisse zu besprechen und Ihnen ein ma\u00dfgeschneidertes Angebot zu unterbreiten.<\/p>\n<\/div><\/div><\/div><\/div><\/div><\/div><\/div><\/div><\/div><\/section>","protected":false},"excerpt":{"rendered":"","protected":false},"author":1,"featured_media":2912,"parent":0,"menu_order":0,"comment_status":"closed","ping_status":"closed","template":"","meta":[],"_links":{"self":[{"href":"https:\/\/hubrum.eu\/de\/wp-json\/wp\/v2\/pages\/2627"}],"collection":[{"href":"https:\/\/hubrum.eu\/de\/wp-json\/wp\/v2\/pages"}],"about":[{"href":"https:\/\/hubrum.eu\/de\/wp-json\/wp\/v2\/types\/page"}],"author":[{"embeddable":true,"href":"https:\/\/hubrum.eu\/de\/wp-json\/wp\/v2\/users\/1"}],"replies":[{"embeddable":true,"href":"https:\/\/hubrum.eu\/de\/wp-json\/wp\/v2\/comments?post=2627"}],"version-history":[{"count":4,"href":"https:\/\/hubrum.eu\/de\/wp-json\/wp\/v2\/pages\/2627\/revisions"}],"predecessor-version":[{"id":2921,"href":"https:\/\/hubrum.eu\/de\/wp-json\/wp\/v2\/pages\/2627\/revisions\/2921"}],"wp:featuredmedia":[{"embeddable":true,"href":"https:\/\/hubrum.eu\/de\/wp-json\/wp\/v2\/media\/2912"}],"wp:attachment":[{"href":"https:\/\/hubrum.eu\/de\/wp-json\/wp\/v2\/media?parent=2627"}],"curies":[{"name":"wp","href":"https:\/\/api.w.org\/{rel}","templated":true}]}}