{"id":2632,"date":"2023-01-19T06:06:04","date_gmt":"2023-01-19T06:06:04","guid":{"rendered":"https:\/\/new.hubrum.eu\/?page_id=2632"},"modified":"2023-01-29T16:56:10","modified_gmt":"2023-01-29T16:56:10","slug":"telecom","status":"publish","type":"page","link":"https:\/\/hubrum.eu\/de\/telecom\/","title":{"rendered":"Telekommunikation"},"content":{"rendered":"<section id=\"bt_bb_section69df1c8d6c009\"  class=\"bt_bb_section bt_bb_layout_boxed_1200 bt_bb_top_spacing_normal bt_bb_bottom_spacing_normal\"   data-bt-override-class=\"{&quot;bt_bb_top_spacing_&quot;:{&quot;current_class&quot;:&quot;bt_bb_top_spacing_normal&quot;,&quot;xxl&quot;:&quot;normal&quot;,&quot;xl&quot;:&quot;normal&quot;},&quot;bt_bb_bottom_spacing_&quot;:{&quot;current_class&quot;:&quot;bt_bb_bottom_spacing_normal&quot;,&quot;xxl&quot;:&quot;normal&quot;,&quot;xl&quot;:&quot;normal&quot;}}\"><span class=\"bt_bb_overlay\"><\/span><div class=\"bt_bb_port\"><div class=\"bt_bb_cell\"><div class=\"bt_bb_cell_inner\"><div class=\"bt_bb_row_wrapper\"><div  class=\"bt_bb_row\"  data-bt-override-class=\"{}\"><div  class=\"bt_bb_column col-xl-12 col-xs-12 col-sm-12 col-md-12 col-lg-12 bt_bb_align_left bt_bb_vertical_align_top bt_bb_padding_normal\"  data-width=\"12\" data-bt-override-class=\"{}\"><div class=\"bt_bb_column_content\"><div class=\"bt_bb_column_content_inner\"><div  class=\"bt_bb_text\" ><p>Die Telekommunikationsbranche entwickelt sich st\u00e4ndig weiter, wobei st\u00e4ndig neue Technologien und Entwicklungen aufkommen. Um wettbewerbsf\u00e4hig zu bleiben, m\u00fcssen Telekommunikationsunternehmen in  der Lage sein, sich schnell anzupassen und diese neuen M\u00f6glichkeiten zu nutzen. Eine der wichtigsten M\u00f6glichkeiten, wie Telekommunikationsunternehmen dies tun k\u00f6nnen, ist die Nutzung der Macht der Softwareentwicklung.<\/p>\n<p>Einer der wichtigsten Bereiche, in denen die Softwareentwicklung einen gro\u00dfen Einfluss auf die Telekommunikationsbranche hat, ist die Entwicklung von 5G-Technologien. 5G ist die n\u00e4chste Generation der mobilen Telekommunikation, die schnellere Geschwindigkeiten, eine geringere Latenzzeit und mehr Kapazit\u00e4t als je zuvor verspricht.  Die Softwareentwicklung spielt eine entscheidende Rolle bei der Entwicklung von 5G, da sie erforderlich ist, um die neuen Technologien und Standards zu unterst\u00fctzen, die verwendet werden.<\/p>\n<p>Ein weiterer wichtiger Bereich, in dem sich die Softwareentwicklung auf die Telekommunikationsbranche auswirkt, ist die Entwicklung von Technologien f\u00fcr virtuelle und erweiterte Realit\u00e4t. Diese Technologien werden in der Telekommunikationsbranche immer beliebter, da sie f\u00fcr Dinge wie Remote-Kundensupport, Schulungen und Produktdemonstrationen eingesetzt werden. Die Softwareentwicklung ist erforderlich, um diese virtuellen und erweiterten Realit\u00e4t-Anwendungen zu erstellen und zu unterst\u00fctzen.<\/p>\n<p>Ein weiterer Bereich, in dem sich die Softwareentwicklung auf die Telekommunikationsbranche auswirkt, ist die Entwicklung der Netzwerkautomatisierung und Orchestrierung. Dies wird immer wichtiger, da Netzwerke immer komplexer werden und es immer schwieriger wird, sie manuell zu verwalten und Fehler zu beheben. Die Softwareentwicklung ist notwendig, um Tools zu entwickeln, die diese Netzwerke automatisieren und orchestrieren k\u00f6nnen, um sie effizienter und zuverl\u00e4ssiger zu machen.<\/p>\n<p>Unser Team von Software-Entwicklungsexperten kann Ihnen helfen, einen Schritt voraus zu sein, indem wir Ihnen ma\u00dfgeschneiderte Softwarel\u00f6sungen anbieten, die auf die individuellen Bed\u00fcrfnisse Ihres Unternehmens zugeschnitten sind. Wir verf\u00fcgen \u00fcber umfangreiche Erfahrung in der Telekommunikationsbranche und ein tiefes Verst\u00e4ndnis f\u00fcr die neuesten Trends und Entwicklungen.<\/p>\n<p>Unsere Dienstleistungen umfassen unter anderem :<\/p>\n<ul>\n<li>5G-Entwicklung: Wir k\u00f6nnen Ihnen helfen, Software zu entwickeln, die es Ihnen erm\u00f6glicht, die neuesten 5G-Technologien und -Standards zu nutzen.<\/li>\n<li>Virtuelle und erweiterte Realit\u00e4t: Wir k\u00f6nnen Ihnen helfen, Software zu entwickeln, die virtuelle und erweiterte Realit\u00e4t -Anwendungen unterst\u00fctzt, wie z. B. Remote-Kundensupport, Schulungen und Produktdemonstrationen.<\/li>\n<li>Netzwerkautomatisierung und Orchestrierung: Wir k\u00f6nnen Ihnen helfen, Software zu entwickeln, die Ihre Netzwerke automatisiert und orchestriert und sie effizienter und zuverl\u00e4ssiger macht.<\/li>\n<li>Kundenspezifische Softwareentwicklung: Wir k\u00f6nnen Ihnen helfen, kundenspezifische Softwarel\u00f6sungen zu entwickeln, die den einzigartigen Bed\u00fcrfnissen Ihres Unternehmens entsprechen.<\/li>\n<li>Wartung und Support: Wir k\u00f6nnen Ihnen helfen bei der Wartung Und unterst\u00fctzung  Ihrer Software, damit sie auf dem neuesten Stand bleibt und den sich \u00e4ndernden Anforderungen Ihres Unternehmens gerecht wird.<\/li>\n<\/ul>\n<p>Unser Team besteht aus erfahrenen Softwareentwicklern, die \u00fcber ein tiefes Verst\u00e4ndnis der neuesten Technologien und Trends verf\u00fcgen. Wir arbeiten eng mit unseren Kunden zusammen, um ihre einzigartigen Bed\u00fcrfnisse und Herausforderungen zu verstehen, und wir passen unsere Dienstleistungen an ihre spezifischen Anforderungen an.<\/p>\n<p>If you are interested in learning more about how our software development services can help your telecommunications company stay competitive, please contact us. We would be happy to discuss your needs and provide you with a customized proposal<\/p>\n<\/div><\/div><\/div><\/div><\/div><\/div><\/div><\/div><\/div><\/section>","protected":false},"excerpt":{"rendered":"","protected":false},"author":1,"featured_media":2917,"parent":0,"menu_order":0,"comment_status":"closed","ping_status":"closed","template":"","meta":[],"_links":{"self":[{"href":"https:\/\/hubrum.eu\/de\/wp-json\/wp\/v2\/pages\/2632"}],"collection":[{"href":"https:\/\/hubrum.eu\/de\/wp-json\/wp\/v2\/pages"}],"about":[{"href":"https:\/\/hubrum.eu\/de\/wp-json\/wp\/v2\/types\/page"}],"author":[{"embeddable":true,"href":"https:\/\/hubrum.eu\/de\/wp-json\/wp\/v2\/users\/1"}],"replies":[{"embeddable":true,"href":"https:\/\/hubrum.eu\/de\/wp-json\/wp\/v2\/comments?post=2632"}],"version-history":[{"count":3,"href":"https:\/\/hubrum.eu\/de\/wp-json\/wp\/v2\/pages\/2632\/revisions"}],"predecessor-version":[{"id":2919,"href":"https:\/\/hubrum.eu\/de\/wp-json\/wp\/v2\/pages\/2632\/revisions\/2919"}],"wp:featuredmedia":[{"embeddable":true,"href":"https:\/\/hubrum.eu\/de\/wp-json\/wp\/v2\/media\/2917"}],"wp:attachment":[{"href":"https:\/\/hubrum.eu\/de\/wp-json\/wp\/v2\/media?parent=2632"}],"curies":[{"name":"wp","href":"https:\/\/api.w.org\/{rel}","templated":true}]}}