{"id":2640,"date":"2023-01-19T06:07:37","date_gmt":"2023-01-19T06:07:37","guid":{"rendered":"https:\/\/new.hubrum.eu\/?page_id=2640"},"modified":"2023-05-05T11:28:06","modified_gmt":"2023-05-05T11:28:06","slug":"why-hubrum","status":"publish","type":"page","link":"https:\/\/hubrum.eu\/de\/why-hubrum\/","title":{"rendered":"Warum Hubrum"},"content":{"rendered":"<section id=\"bt_bb_section69e73d2e7efb4\"  class=\"bt_bb_section bt_bb_layout_boxed_1200 bt_bb_top_spacing_normal bt_bb_bottom_spacing_normal\"   data-bt-override-class=\"{&quot;bt_bb_top_spacing_&quot;:{&quot;current_class&quot;:&quot;bt_bb_top_spacing_normal&quot;,&quot;xxl&quot;:&quot;normal&quot;,&quot;xl&quot;:&quot;normal&quot;},&quot;bt_bb_bottom_spacing_&quot;:{&quot;current_class&quot;:&quot;bt_bb_bottom_spacing_normal&quot;,&quot;xxl&quot;:&quot;normal&quot;,&quot;xl&quot;:&quot;normal&quot;}}\"><span class=\"bt_bb_overlay\"><\/span><div class=\"bt_bb_port\"><div class=\"bt_bb_cell\"><div class=\"bt_bb_cell_inner\"><div class=\"bt_bb_row_wrapper\"><div  class=\"bt_bb_row\"  data-bt-override-class=\"{}\"><div  class=\"bt_bb_column col-xl-4 col-xs-12 col-sm-12 col-md-12 col-lg-4 bt_bb_align_left bt_bb_vertical_align_top bt_bb_padding_normal\"  data-width=\"4\" data-bt-override-class=\"{}\"><div class=\"bt_bb_column_content\"><div class=\"bt_bb_column_content_inner\"><div  class=\"bt_bb_text\" ><h2 class=\"content__heading-01 translation-block\"><strong>Health &amp;<br>\r\nSafety<\/strong><\/h2>\n<p>Sicherheit geschieht nicht zuf\u00e4llig, es braucht Engagement und F\u00fchrung, um eine Kultur zu entwickeln.<\/p>\n<\/div><\/div><\/div><\/div><div  class=\"bt_bb_column col-xl-8 col-xs-12 col-sm-12 col-md-12 col-lg-8 bt_bb_align_left bt_bb_vertical_align_top bt_bb_padding_normal\"  data-width=\"8\" data-bt-override-class=\"{}\"><div class=\"bt_bb_column_content\"><div class=\"bt_bb_column_content_inner\"><div class=\"bt_bb_image bt_bb_shape_square bt_bb_align_inherit bt_bb_hover_style_simple bt_bb_content_display_always bt_bb_content_align_middle bt_bb_remove_padding_yes bt_bb_fill_background_color_full\" data-bt-override-class=\"{&quot;bt_bb_align_&quot;:{&quot;current_class&quot;:&quot;bt_bb_align_inherit&quot;,&quot;xxl&quot;:&quot;inherit&quot;,&quot;xl&quot;:&quot;inherit&quot;}}\"><span><img src = \"https:\/\/hubrum.eu\/wp-content\/plugins\/bold-page-builder\/img\/blank.gif\" data-full_image_src=\"https:\/\/hubrum.eu\/wp-content\/uploads\/2023\/01\/hands.jpg\" data-image_src=\"https:\/\/hubrum.eu\/wp-content\/uploads\/2023\/01\/hands.jpg\" title=\"hands\" alt=\"https:\/\/hubrum.eu\/wp-content\/uploads\/2023\/01\/hands.jpg\" class=\"btLazyLoadImage\"><\/span><\/div><div  class=\"bt_bb_text\" ><div class=\"col-md-12 d-flex\">\n<div class=\"content__two-col-info\">\n<h4 class=\"text-secondary\">Sicherheit is wichtig!<\/h4>\n<p>Die Gesundheit und Sicherheit unserer Mitarbeiter, Auftragnehmer, Kunden, Klienten und der \u00d6ffentlichkeit, mit der wir interagieren, ist von gr\u00f6\u00dfter Bedeutung. Bei Hubrum investieren wir kontinuierlich in ein branchenf\u00fchrendes Gesundheit- und Sicherheitsethos und \u2013kultur.  Wir sind der Meinung, dass jeder f\u00fcr die Sicherheit verantwortlich ist, vom CEO bis hin zu allen unseren Mitarbeitern vor Ort oder bei der Unterst\u00fctzung von Betrieben im B\u00fcro, die t\u00e4glich unsere Dienstleistungen erbringen.<\/p>\n<\/div>\n<\/div>\n<div class=\"col-md-12 d-flex\">\n<div class=\"content__two-col-icon\"><\/div>\n<div class=\"content__two-col-info\">\n<h4 class=\"text-secondary\">\u201eSicherheitsma\u00dfnahmen\u201c sind ein Kernwert<\/h4>\n<p>Sicherheit hat bei Hubrum nicht nur Priorit\u00e4t, sondern ist auch ein Kernwert.  Das bedeutet, dass wir \u201eSicherheit\u201c jeden Tag leben und daf\u00fcr sorgen, dass sie bei jeder Besprechung, f\u00fcr jedes Teammitglied, an jedem Standort und an jedem Ort w\u00e4hrend unseres umfangreichen Betriebs an erster Stelle steht. Die Priorit\u00e4ten k\u00f6nnen sich im Laufe des Tages \u00e4ndern, aber wir d\u00fcrfen unser Engagement f\u00fcr Sicherheit aufgrund sich \u00e4ndernder Anforderungen niemals aus den Augen verlieren.<\/p>\n<\/div>\n<\/div>\n<\/div><\/div><\/div><\/div><\/div><\/div><\/div><\/div><\/div><\/section><section id=\"bt_bb_section69e73d2e84382\"  class=\"bt_bb_section bt_bb_layout_boxed_1200 bt_bb_top_spacing_normal bt_bb_bottom_spacing_normal\"   data-bt-override-class=\"{&quot;bt_bb_top_spacing_&quot;:{&quot;current_class&quot;:&quot;bt_bb_top_spacing_normal&quot;,&quot;xxl&quot;:&quot;normal&quot;,&quot;xl&quot;:&quot;normal&quot;},&quot;bt_bb_bottom_spacing_&quot;:{&quot;current_class&quot;:&quot;bt_bb_bottom_spacing_normal&quot;,&quot;xxl&quot;:&quot;normal&quot;,&quot;xl&quot;:&quot;normal&quot;}}\"><span class=\"bt_bb_overlay\"><\/span><div class=\"bt_bb_port\"><div class=\"bt_bb_cell\"><div class=\"bt_bb_cell_inner\"><div class=\"bt_bb_row_wrapper\"><div  class=\"bt_bb_row\"  data-bt-override-class=\"{}\"><div  class=\"bt_bb_column col-xl-4 col-xs-12 col-sm-12 col-md-12 col-lg-4 bt_bb_align_left bt_bb_vertical_align_top bt_bb_padding_normal\"  data-width=\"4\" data-bt-override-class=\"{}\"><div class=\"bt_bb_column_content\"><div class=\"bt_bb_column_content_inner\"><div  class=\"bt_bb_text\" ><h2 class=\"content__heading-01 translation-block\"><strong>Corporate<br>\r\nResponsibility<\/strong><\/h2>\n<\/div><\/div><\/div><\/div><div  class=\"bt_bb_column col-xl-8 col-xs-12 col-sm-12 col-md-12 col-lg-8 bt_bb_align_left bt_bb_vertical_align_top bt_bb_padding_normal\"  data-width=\"8\" data-bt-override-class=\"{}\"><div class=\"bt_bb_column_content\"><div class=\"bt_bb_column_content_inner\"><div class=\"bt_bb_image bt_bb_shape_square bt_bb_align_inherit bt_bb_hover_style_simple bt_bb_content_display_always bt_bb_content_align_middle bt_bb_remove_padding_yes bt_bb_fill_background_color_full\" data-bt-override-class=\"{&quot;bt_bb_align_&quot;:{&quot;current_class&quot;:&quot;bt_bb_align_inherit&quot;,&quot;xxl&quot;:&quot;inherit&quot;,&quot;xl&quot;:&quot;inherit&quot;}}\"><span><img src = \"https:\/\/hubrum.eu\/wp-content\/plugins\/bold-page-builder\/img\/blank.gif\" data-full_image_src=\"https:\/\/hubrum.eu\/wp-content\/uploads\/2023\/01\/corporate.jpg\" data-image_src=\"https:\/\/hubrum.eu\/wp-content\/uploads\/2023\/01\/corporate.jpg\" title=\"corporate\" alt=\"https:\/\/hubrum.eu\/wp-content\/uploads\/2023\/01\/corporate.jpg\" class=\"btLazyLoadImage\"><\/span><\/div><div  class=\"bt_bb_text\" ><div class=\"col-md-12 d-flex\">\n<div class=\"content__two-col-info\">\n<div class=\"col-md-12 d-flex\">\n<div class=\"content__two-col-info\">\n<h4 class=\"text-secondary\">Unsere kollektive Wirkung ist die Summe aller unserer Individuen.<\/h4>\n<p>Bei Hubrum orientiert sich unser Ansatz zur unternehmerischen Verantwortung daran, wie wir alle unsere Kernwerte leben, insbesondere \u201eNachhaltig arbeiten\u201c, \u201eLive-Sicherheit\u201c und \u201eIm Team arbeiten\u201c.  Wir arbeiten kontinuierlich daran, die Art und Weise zu verbessern, wie wir uns um unsere Belegschaft k\u00fcmmern; unser Gesch\u00e4ft zu leiten; mit unserem Marktplatz zu interagieren; mit unseren Gemeinschaften in Kontakt zu treten; und die Umwelt zu sch\u00fctzen, so dass wir \u00fcberall einen positiven Einfluss auf unsere Mitarbeiter und die Gemeinschaften haben, in denen wir t\u00e4tig sind.<\/p>\n<\/div>\n<\/div>\n<div class=\"col-md-12 d-flex\">\n<div class=\"content__two-col-icon\"><\/div>\n<div class=\"content__two-col-info\">\n<h4 class=\"text-secondary\">Unsere Nachhaltigkeitsreferenzen<\/h4>\n<p>Mit ,,der Lieferung von operativer Excellence \u201c als einem unserer Grundwerte behalten wir einen strengen Fokus auf hohe Standards in allen unseren Betrieben und Standorten und gewinnen kontinuierlich Auszeichnungen f\u00fcr unsere sichere und nachhaltige Leistung.<\/p>\n<p>Unsere Leidenschaft ist es, beim ersten Mal alles rictig zu machen. Wir engagieren uns in einzigartiger Weise f\u00fcr eine Kultur der Exzellenz. Unser Ruf f\u00fcr hervorragende Dienstleistungen ist das Ergebnis unseres innovativen und kooperativen Ansatzes, unserer Technologieakzeptanz und unserer Belegschaft. Unser unerm\u00fcdlicher Fokus auf die F\u00f6rderung von den besten Verfahren wird durch unsere Kultur der kontinuierlichen Verbesserung untermauert. Aus diesem Grund gehen wir operative Herausforderungen mit Mut und einer guten Einstellung an.<\/p>\n<\/div>\n<\/div>\n<div class=\"col-md-12 d-flex\">\n<div class=\"content__two-col-icon\"><\/div>\n<div class=\"content__two-col-info\">\n<h4 class=\"text-secondary\">Werteorientierte operative Exzellenz<\/h4>\n<p>Unser Kernwert von \"Deliver Operational Excellence\" wird durch den Wert definiert, den wir unseren Kunden bieten k\u00f6nnen, indem wir uns auf strategische Ziele, Prozessoptimierung, die Einbeziehung unserer ausgezeichneten Belegschaft und systematisches Denken konzentrieren.<\/p>\n<\/div>\n<\/div>\n<div class=\"col-md-12 d-flex\">\n<div class=\"content__two-col-icon\"><\/div>\n<div class=\"content__two-col-info\">\n<h4 class=\"text-secondary\">Klarheit \u00fcber den Zweck<\/h4>\n<p>Bei Hubrum wird Operational Excellence durch unsere klare Zielsetzung erreicht, indem wir einen h\u00f6heren Wert f\u00fcr unsere Kunden erzielen als f\u00fcr unsere Wettbewerber. Unsere Operational Excellence-Strategie basiert auf unseren Teams von Mitarbeitern, die gemeinsam an Problemen und Gelegenheit arbeiten, die auf unsere Ziele und die unserer Kunden abgestimmt sind. Jeder Einzelne bei Hubrum versteht, wie seine Handlungen, Entscheidungen und Innovationen in Kombination die Unternehmensziele und die vertraglichen Verpflichtungen der Kunden erf\u00fcllen. Unter Verwendung bew\u00e4hrter Methoden arbeiten wir mit unseren Kunden zusammen, um die bestm\u00f6glichen Ergebnisse zu erzielen.<\/p>\n<\/div>\n<\/div>\n<\/div>\n<\/div>\n<\/div><\/div><\/div><\/div><\/div><\/div><\/div><\/div><\/div><\/section><section id=\"bt_bb_section69e73d2e85585\"  class=\"bt_bb_section bt_bb_layout_boxed_1200 bt_bb_top_spacing_normal bt_bb_bottom_spacing_normal\"   data-bt-override-class=\"{&quot;bt_bb_top_spacing_&quot;:{&quot;current_class&quot;:&quot;bt_bb_top_spacing_normal&quot;,&quot;xxl&quot;:&quot;normal&quot;,&quot;xl&quot;:&quot;normal&quot;},&quot;bt_bb_bottom_spacing_&quot;:{&quot;current_class&quot;:&quot;bt_bb_bottom_spacing_normal&quot;,&quot;xxl&quot;:&quot;normal&quot;,&quot;xl&quot;:&quot;normal&quot;}}\"><span class=\"bt_bb_overlay\"><\/span><div class=\"bt_bb_port\"><div class=\"bt_bb_cell\"><div class=\"bt_bb_cell_inner\"><div class=\"bt_bb_row_wrapper\"><div  class=\"bt_bb_row\"  data-bt-override-class=\"{}\"><div  class=\"bt_bb_column col-xl-4 col-xs-12 col-sm-12 col-md-12 col-lg-4 bt_bb_align_left bt_bb_vertical_align_top bt_bb_padding_normal\"  data-width=\"4\" data-bt-override-class=\"{}\"><div class=\"bt_bb_column_content\"><div class=\"bt_bb_column_content_inner\"><div  class=\"bt_bb_text\" ><h2 class=\"content__heading-01 translation-block\"><strong>Customer<br>\r\nExperience<\/strong><\/h2>\n<\/div><\/div><\/div><\/div><div  class=\"bt_bb_column col-xl-8 col-xs-12 col-sm-12 col-md-12 col-lg-8 bt_bb_align_left bt_bb_vertical_align_top bt_bb_padding_normal\"  data-width=\"8\" data-bt-override-class=\"{}\"><div class=\"bt_bb_column_content\"><div class=\"bt_bb_column_content_inner\"><div class=\"bt_bb_image bt_bb_shape_square bt_bb_align_inherit bt_bb_hover_style_simple bt_bb_content_display_always bt_bb_content_align_middle bt_bb_remove_padding_yes bt_bb_fill_background_color_full\" data-bt-override-class=\"{&quot;bt_bb_align_&quot;:{&quot;current_class&quot;:&quot;bt_bb_align_inherit&quot;,&quot;xxl&quot;:&quot;inherit&quot;,&quot;xl&quot;:&quot;inherit&quot;}}\"><span><img src = \"https:\/\/hubrum.eu\/wp-content\/plugins\/bold-page-builder\/img\/blank.gif\" data-full_image_src=\"https:\/\/hubrum.eu\/wp-content\/uploads\/2023\/01\/customerexpericence.jpg\" data-image_src=\"https:\/\/hubrum.eu\/wp-content\/uploads\/2023\/01\/customerexpericence.jpg\" title=\"customerexpericence\" alt=\"https:\/\/hubrum.eu\/wp-content\/uploads\/2023\/01\/customerexpericence.jpg\" class=\"btLazyLoadImage\"><\/span><\/div><div  class=\"bt_bb_text\" ><div class=\"col-md-12 d-flex\">\n<div class=\"content__two-col-info\">\n<div class=\"col-md-12 d-flex\">\n<div class=\"content__two-col-info\">\n<div class=\"col-md-12 d-flex\">\n<div class=\"content__two-col-info\">\n<h4 class=\"text-secondary\">Jede noch so kleine Interaktion ist eine Gelegenheit, etwas Erstaunliches zu erschaffen.<\/h4>\n<p>Bei Hubrum ist das Kundenerlebnis f\u00fcr unser Dienstleistungsmodell wichtig. Es ist tief in unserer Kultur verwurzelt und tief in jedem Aspekt unseres Betriebs eingebettet. Wir bem\u00fchen uns jeden Tag durch unsere Teams unvergessliche Erlebnisse zu bieten.<\/p>\n<\/div>\n<\/div>\n<div class=\"col-md-12 d-flex\">\n<div class=\"content__two-col-icon\"><\/div>\n<div class=\"content__two-col-info\">\n<h4 class=\"text-secondary\">Werteorientierte Kundenorientierung<\/h4>\n<p>,,Fokus auf Kundenerfahrung\u201c ist unsere Leidenschaft. Unsere immersiven und preisgekr\u00f6nten Schulungsprogramme zum Thema Kundenerfahrungen sind Teil der Lernpfade jedes Teams und dienen dazu, die Kundenrfahrung als Teil unseres t\u00e4glichen Fokus und unserer Entscheidungsprozesse st\u00e4ndig aufrechtzuerhalten. Wir verfolgen einen menschenzentrierten Designansatz, um die Erwartungen der Kunden jeden Tag zu erf\u00fcllen und zu \u00fcbertreffen.<\/p>\n<\/div>\n<\/div>\n<div class=\"col-md-12 d-flex\">\n<div class=\"content__two-col-icon\"><\/div>\n<div class=\"content__two-col-info\">\n<h4 class=\"text-secondary\">Kundenerlebnis-Strategie:<\/h4>\n<p>In den letzten Jahren haben wir erheblich in die Umgestaltung unserer Kundenerlebnis-Strategie investiert. Kundenerfahrung ist jetzt eine Gesch\u00e4ftsdisziplin, die sich darauf konzentriert, unsere Kultur, Technologie, Mitarbeiternf\u00e4higkeiten und Prozesse an den Erwartungen des Kunden-Lebenszyklus auszurichten. Wir glauben, dass das Kundenerlebnis ein echtes Unterscheidungsmerkmal bei der Bereitstellung unserer Dienstleistungen und Produkte ist. Unsere  Ergebnisse zur Kundenbindung und Interessenvertretung zeigen dieses Engagement und diese Leidenschaft f\u00fcr hervorragende Leistungen.<\/p>\n<\/div>\n<\/div>\n<\/div>\n<\/div>\n<\/div>\n<\/div>\n<\/div><\/div><\/div><\/div><\/div><\/div><\/div><\/div><\/div><\/section><section id=\"bt_bb_section69e73d2e86bba\"  class=\"bt_bb_section bt_bb_layout_boxed_1200 bt_bb_top_spacing_normal bt_bb_bottom_spacing_normal\"   data-bt-override-class=\"{&quot;bt_bb_top_spacing_&quot;:{&quot;current_class&quot;:&quot;bt_bb_top_spacing_normal&quot;,&quot;xxl&quot;:&quot;normal&quot;,&quot;xl&quot;:&quot;normal&quot;},&quot;bt_bb_bottom_spacing_&quot;:{&quot;current_class&quot;:&quot;bt_bb_bottom_spacing_normal&quot;,&quot;xxl&quot;:&quot;normal&quot;,&quot;xl&quot;:&quot;normal&quot;}}\"><span class=\"bt_bb_overlay\"><\/span><div class=\"bt_bb_port\"><div class=\"bt_bb_cell\"><div class=\"bt_bb_cell_inner\"><div class=\"bt_bb_row_wrapper\"><div  class=\"bt_bb_row\"  data-bt-override-class=\"{}\"><div  class=\"bt_bb_column col-xl-4 col-xs-12 col-sm-12 col-md-12 col-lg-4 bt_bb_align_left bt_bb_vertical_align_top bt_bb_padding_normal\"  data-width=\"4\" data-bt-override-class=\"{}\"><div class=\"bt_bb_column_content\"><div class=\"bt_bb_column_content_inner\"><div  class=\"bt_bb_text\" ><h2 class=\"content__heading-01 translation-block\"><strong>Innovation &amp;<br>\r\nTechnology<\/strong><\/h2>\n<\/div><\/div><\/div><\/div><div  class=\"bt_bb_column col-xl-8 col-xs-12 col-sm-12 col-md-12 col-lg-8 bt_bb_align_left bt_bb_vertical_align_top bt_bb_padding_normal\"  data-width=\"8\" data-bt-override-class=\"{}\"><div class=\"bt_bb_column_content\"><div class=\"bt_bb_column_content_inner\"><div class=\"bt_bb_image bt_bb_shape_square bt_bb_align_inherit bt_bb_hover_style_simple bt_bb_content_display_always bt_bb_content_align_middle bt_bb_remove_padding_yes bt_bb_fill_background_color_full\" data-bt-override-class=\"{&quot;bt_bb_align_&quot;:{&quot;current_class&quot;:&quot;bt_bb_align_inherit&quot;,&quot;xxl&quot;:&quot;inherit&quot;,&quot;xl&quot;:&quot;inherit&quot;}}\"><span><img src = \"https:\/\/hubrum.eu\/wp-content\/plugins\/bold-page-builder\/img\/blank.gif\" data-full_image_src=\"https:\/\/hubrum.eu\/wp-content\/uploads\/2023\/01\/innovation.jpg\" data-image_src=\"https:\/\/hubrum.eu\/wp-content\/uploads\/2023\/01\/innovation.jpg\" title=\"innovation\" alt=\"https:\/\/hubrum.eu\/wp-content\/uploads\/2023\/01\/innovation.jpg\" class=\"btLazyLoadImage\"><\/span><\/div><div  class=\"bt_bb_text\" ><div class=\"col-md-12 d-flex\">\n<div class=\"content__two-col-info\">\n<div class=\"col-md-12 d-flex\">\n<div class=\"content__two-col-info\">\n<div class=\"col-md-12 d-flex\">\n<div class=\"content__two-col-info\">\n<div class=\"col-md-12 d-flex\">\n<div class=\"content__two-col-info\">\n<h4 class=\"text-secondary\">Nutzung von  Innovation und Technologie n zur Schaffung sicherer und intelligenterer L\u00f6sungen f\u00fcr unsere Kunden.<\/h4>\n<p>Bei Hubrum f\u00f6rdern wir eine Kultur der Verbesserung und Innovation und suchen  immer nach besseren Wegen, um unseren gesch\u00e4tzten Kunden hervorragende Leistungen zu bieten. Von unseren robusten und flexiblen IT-Infrastruktursystemen bis hin zu unserem Einsatz von ERP, integrierten Arbeitsmanagementsystemen, Qualit\u00e4tskontroll-Apps und KI ist es unser Ziel, unseren Teams zu erm\u00f6glichen, nicht nur sicher und effizient zu arbeiten, sondern auch die Erwartungen unserer Kunden zu \u00fcbertreffen, unabh\u00e4ngig davon, wo sie sich befinden oder wie weit entfernt der Standort ist.<\/p>\n<\/div>\n<\/div>\n<div class=\"col-md-12 d-flex\">\n<div class=\"content__two-col-icon\"><\/div>\n<div class=\"content__two-col-info\">\n<h4 class=\"text-secondary\">Unsere IT \u2013 Managementsysteme<\/h4>\n<p>Unsere IT-Vision ist es, Wachstum und Nachhaltigkeit durch die Bereitstellung koh\u00e4renter konsolidierter Gesch\u00e4ftssysteme zu erm\u00f6glichen, die auf einer sicheren, zuverl\u00e4ssigen und effektiven Plattform unterst\u00fctzt werden, die f\u00fcr alle und \u00fcberall verf\u00fcgbar ist.<\/p>\n<\/div>\n<\/div>\n<\/div>\n<\/div>\n<\/div>\n<\/div>\n<\/div>\n<\/div>\n<\/div><\/div><\/div><\/div><\/div><\/div><\/div><\/div><\/div><\/section><section id=\"bt_bb_section69e73d2e87e66\"  class=\"bt_bb_section bt_bb_layout_boxed_1200 bt_bb_top_spacing_normal\"   data-bt-override-class=\"{&quot;bt_bb_top_spacing_&quot;:{&quot;current_class&quot;:&quot;bt_bb_top_spacing_normal&quot;,&quot;xxl&quot;:&quot;normal&quot;,&quot;xl&quot;:&quot;normal&quot;}}\"><span class=\"bt_bb_overlay\"><\/span><div class=\"bt_bb_port\"><div class=\"bt_bb_cell\"><div class=\"bt_bb_cell_inner\"><div class=\"bt_bb_row_wrapper\"><div  class=\"bt_bb_row\"  data-bt-override-class=\"{}\"><div  class=\"bt_bb_column col-xl-12 col-xs-12 col-sm-12 col-md-12 col-lg-12 bt_bb_align_left bt_bb_vertical_align_top bt_bb_padding_normal\"  data-width=\"12\" data-bt-override-class=\"{}\"><div class=\"bt_bb_column_content\"><div class=\"bt_bb_column_content_inner\"><\/div><\/div><\/div><\/div><\/div><\/div><\/div><\/div><\/section>","protected":false},"excerpt":{"rendered":"","protected":false},"author":1,"featured_media":2818,"parent":0,"menu_order":0,"comment_status":"closed","ping_status":"closed","template":"","meta":[],"_links":{"self":[{"href":"https:\/\/hubrum.eu\/de\/wp-json\/wp\/v2\/pages\/2640"}],"collection":[{"href":"https:\/\/hubrum.eu\/de\/wp-json\/wp\/v2\/pages"}],"about":[{"href":"https:\/\/hubrum.eu\/de\/wp-json\/wp\/v2\/types\/page"}],"author":[{"embeddable":true,"href":"https:\/\/hubrum.eu\/de\/wp-json\/wp\/v2\/users\/1"}],"replies":[{"embeddable":true,"href":"https:\/\/hubrum.eu\/de\/wp-json\/wp\/v2\/comments?post=2640"}],"version-history":[{"count":24,"href":"https:\/\/hubrum.eu\/de\/wp-json\/wp\/v2\/pages\/2640\/revisions"}],"predecessor-version":[{"id":3260,"href":"https:\/\/hubrum.eu\/de\/wp-json\/wp\/v2\/pages\/2640\/revisions\/3260"}],"wp:featuredmedia":[{"embeddable":true,"href":"https:\/\/hubrum.eu\/de\/wp-json\/wp\/v2\/media\/2818"}],"wp:attachment":[{"href":"https:\/\/hubrum.eu\/de\/wp-json\/wp\/v2\/media?parent=2640"}],"curies":[{"name":"wp","href":"https:\/\/api.w.org\/{rel}","templated":true}]}}