{"id":2646,"date":"2023-01-19T06:08:24","date_gmt":"2023-01-19T06:08:24","guid":{"rendered":"https:\/\/new.hubrum.eu\/?page_id=2646"},"modified":"2023-01-27T04:27:24","modified_gmt":"2023-01-27T04:27:24","slug":"vision-values","status":"publish","type":"page","link":"https:\/\/hubrum.eu\/de\/vision-values\/","title":{"rendered":"Vision &amp; Werte"},"content":{"rendered":"<section id=\"bt_bb_section69f9ff9f1da0f\"  class=\"bt_bb_section bt_bb_layout_boxed_1200 bt_bb_top_spacing_medium bt_bb_bottom_spacing_medium\"   data-bt-override-class=\"{&quot;bt_bb_top_spacing_&quot;:{&quot;current_class&quot;:&quot;bt_bb_top_spacing_medium&quot;,&quot;xxl&quot;:&quot;medium&quot;,&quot;xl&quot;:&quot;medium&quot;},&quot;bt_bb_bottom_spacing_&quot;:{&quot;current_class&quot;:&quot;bt_bb_bottom_spacing_medium&quot;,&quot;xxl&quot;:&quot;medium&quot;,&quot;xl&quot;:&quot;medium&quot;}}\"><span class=\"bt_bb_overlay\"><\/span><div class=\"bt_bb_port\"><div class=\"bt_bb_cell\"><div class=\"bt_bb_cell_inner\"><div class=\"bt_bb_row_wrapper\"><div  class=\"bt_bb_row\"  data-bt-override-class=\"{}\"><div  class=\"bt_bb_column col-xl-12 col-xs-12 col-sm-12 col-md-12 col-lg-12 bt_bb_align_left bt_bb_vertical_align_top bt_bb_padding_normal\"  data-width=\"12\" data-bt-override-class=\"{}\"><div class=\"bt_bb_column_content\"><div class=\"bt_bb_column_content_inner\"><div  class=\"bt_bb_text\" ><div style=\"margin-bottom: 30px;\">\n<p>Wir sind von unserer Vision inspiriert und von den starken Grundwerten angetrieben, die unsere Kultur und unsere Arbeitsweise pr\u00e4gen.<\/p>\n<h4>Exzellenz aus jedem Blickwinkel<\/h4>\n<p>Unsere Vision ist einfach : Wir wollen der bevorzugte strategische Partner zu sein und in allem, was wir tun, Exzellenz zu liefern. Wir haben uns verpflichtet,  eine Kultur der Exzellenz zu schaffen, indem wir unsere Grundwerte in allen unseren Interaktionen untereinander, mit unseren Kunden, ihren Kunden und den Gemeinschaften, in denen wir t\u00e4tig sind, vorangetrieben wird. Jeden Tag leben wir bei Hubrum Sicherheit, arbeiten als Team, liefern hervorrangende Leistungen, konzentrieren uns auf das Kundenerlebnis und arbeiten nachhaltig.<\/p>\n<\/div>\n<\/div><div class=\"bt_bb_row_wrapper\"><div  class=\"bt_bb_row_inner bt_bb_column_inner_gap_20\"  data-bt-override-class=\"{}\"><\/div><\/div><div class=\"bt_bb_image bt_bb_shape_square bt_bb_align_inherit bt_bb_hover_style_simple bt_bb_content_display_always bt_bb_content_align_middle bt_bb_remove_padding_yes bt_bb_fill_background_color_full\" data-bt-override-class=\"{&quot;bt_bb_align_&quot;:{&quot;current_class&quot;:&quot;bt_bb_align_inherit&quot;,&quot;xxl&quot;:&quot;inherit&quot;,&quot;xl&quot;:&quot;inherit&quot;}}\"><span><img src = \"https:\/\/hubrum.eu\/wp-content\/plugins\/bold-page-builder\/img\/blank.gif\" data-full_image_src=\"https:\/\/hubrum.eu\/wp-content\/uploads\/2023\/01\/vision.jpg\" data-image_src=\"https:\/\/hubrum.eu\/wp-content\/uploads\/2023\/01\/vision.jpg\" title=\"vision\" alt=\"https:\/\/hubrum.eu\/wp-content\/uploads\/2023\/01\/vision.jpg\" class=\"btLazyLoadImage\"><\/span><\/div><div  class=\"bt_bb_text\" ><div style=\"margin-top: 30px;\">\n<h4>Als Team auftreten<\/h4>\n<h6>Einzeln sind wir ein Tropfen, zusammen sind wir ein Meer.<\/h6>\n<p>Nur wenn wir gemeinsam und kollaborativ arbeiten, klar kommunizieren, uns respektieren und unsere Unterschiede respektieren, Beziehungen aufbauen und Unterst\u00fctzung anbieten, dann k\u00f6nnen wir unsere Ziele erreichen und die Vorteile genie\u00dfen.<\/p>\n<p>So arbeiten wir\u2013 nicht nur untereinander, sondern auch mit unseren vielen gesch\u00e4tzten Kunden, die partnerschaftlich zusammenarbeiten, um ihre Kundenversprechen zu erf\u00fcllen.<\/p>\n<h4>Nachhaltig arbeiten<\/h4>\n<p>Bei Nachhaltigkeit geht es nicht nur um keinen Schaden anzurichten, sondern auch darum, mehr Gutes zu tun.<\/p>\n<p>Wir haben stetig an der \u00c4nderung unserer Gesch\u00e4ftspraktiken gearbeitet und dabei echte Fortschritte erziehlt. Aber wir erkennen an, dass nachhaltiges Handeln erfordert, dass wir sorgf\u00e4ltig dar\u00fcber nachdenken, wie wir unseren Planeten sch\u00fctzen und f\u00fcr unsere Mitarbeiter und Gemeinschaften sorgen k\u00f6nnen  und letztlich, wie wir unser Gesch\u00e4ft mit Integrit\u00e4t und Transparenz f\u00fchren.<\/p>\n<\/div>\n<\/div><\/div><\/div><\/div><\/div><\/div><\/div><\/div><\/div><\/section>","protected":false},"excerpt":{"rendered":"","protected":false},"author":1,"featured_media":2785,"parent":0,"menu_order":0,"comment_status":"closed","ping_status":"closed","template":"","meta":[],"_links":{"self":[{"href":"https:\/\/hubrum.eu\/de\/wp-json\/wp\/v2\/pages\/2646"}],"collection":[{"href":"https:\/\/hubrum.eu\/de\/wp-json\/wp\/v2\/pages"}],"about":[{"href":"https:\/\/hubrum.eu\/de\/wp-json\/wp\/v2\/types\/page"}],"author":[{"embeddable":true,"href":"https:\/\/hubrum.eu\/de\/wp-json\/wp\/v2\/users\/1"}],"replies":[{"embeddable":true,"href":"https:\/\/hubrum.eu\/de\/wp-json\/wp\/v2\/comments?post=2646"}],"version-history":[{"count":8,"href":"https:\/\/hubrum.eu\/de\/wp-json\/wp\/v2\/pages\/2646\/revisions"}],"predecessor-version":[{"id":2790,"href":"https:\/\/hubrum.eu\/de\/wp-json\/wp\/v2\/pages\/2646\/revisions\/2790"}],"wp:featuredmedia":[{"embeddable":true,"href":"https:\/\/hubrum.eu\/de\/wp-json\/wp\/v2\/media\/2785"}],"wp:attachment":[{"href":"https:\/\/hubrum.eu\/de\/wp-json\/wp\/v2\/media?parent=2646"}],"curies":[{"name":"wp","href":"https:\/\/api.w.org\/{rel}","templated":true}]}}