{"id":2648,"date":"2023-01-19T06:08:34","date_gmt":"2023-01-19T06:08:34","guid":{"rendered":"https:\/\/new.hubrum.eu\/?page_id=2648"},"modified":"2023-01-27T06:54:39","modified_gmt":"2023-01-27T06:54:39","slug":"go-green","status":"publish","type":"page","link":"https:\/\/hubrum.eu\/de\/go-green\/","title":{"rendered":"Seien Sie umweltfreundlich"},"content":{"rendered":"<section id=\"bt_bb_section69f9ff9d7505c\"  class=\"bt_bb_section bt_bb_layout_boxed_1200 bt_bb_top_spacing_normal bt_bb_bottom_spacing_normal\"   data-bt-override-class=\"{&quot;bt_bb_top_spacing_&quot;:{&quot;current_class&quot;:&quot;bt_bb_top_spacing_normal&quot;,&quot;xxl&quot;:&quot;normal&quot;,&quot;xl&quot;:&quot;normal&quot;},&quot;bt_bb_bottom_spacing_&quot;:{&quot;current_class&quot;:&quot;bt_bb_bottom_spacing_normal&quot;,&quot;xxl&quot;:&quot;normal&quot;,&quot;xl&quot;:&quot;normal&quot;}}\"><span class=\"bt_bb_overlay\"><\/span><div class=\"bt_bb_port\"><div class=\"bt_bb_cell\"><div class=\"bt_bb_cell_inner\"><div class=\"bt_bb_row_wrapper\"><div  class=\"bt_bb_row\"  data-bt-override-class=\"{}\"><div  class=\"bt_bb_column col-xl-12 col-xs-12 col-sm-12 col-md-12 col-lg-12 bt_bb_align_left bt_bb_vertical_align_top bt_bb_padding_normal\"  data-width=\"12\" data-bt-override-class=\"{}\"><div class=\"bt_bb_column_content\"><div class=\"bt_bb_column_content_inner\"><div  class=\"bt_bb_text\" ><h3>Unsere Ma\u00dfnahmen gegen den Klimawandel und f\u00fcr den Umweltschutz sind globale Herausforderungen und zentrale Aspekte unserer Vision von nachhaltigem Wachstum.<\/h3>\n<\/div><\/div><\/div><\/div><\/div><\/div><\/div><\/div><\/div><\/section><section id=\"bt_bb_section69f9ff9d757bd\"  class=\"bt_bb_section bt_bb_layout_boxed_1200 bt_bb_top_spacing_normal bt_bb_bottom_spacing_normal\"   data-bt-override-class=\"{&quot;bt_bb_top_spacing_&quot;:{&quot;current_class&quot;:&quot;bt_bb_top_spacing_normal&quot;,&quot;xxl&quot;:&quot;normal&quot;,&quot;xl&quot;:&quot;normal&quot;},&quot;bt_bb_bottom_spacing_&quot;:{&quot;current_class&quot;:&quot;bt_bb_bottom_spacing_normal&quot;,&quot;xxl&quot;:&quot;normal&quot;,&quot;xl&quot;:&quot;normal&quot;}}\"><span class=\"bt_bb_overlay\"><\/span><div class=\"bt_bb_port\"><div class=\"bt_bb_cell\"><div class=\"bt_bb_cell_inner\"><div class=\"bt_bb_row_wrapper\"><div  class=\"bt_bb_row\"  data-bt-override-class=\"{}\"><div  class=\"bt_bb_column col-xl-12 col-xs-12 col-sm-12 col-md-12 col-lg-12 bt_bb_align_left bt_bb_vertical_align_top bt_bb_padding_normal\"  data-width=\"12\" data-bt-override-class=\"{}\"><div class=\"bt_bb_column_content\"><div class=\"bt_bb_column_content_inner\"><div class=\"bt_bb_image bt_bb_shape_square bt_bb_align_inherit bt_bb_hover_style_simple bt_bb_content_display_always bt_bb_content_align_middle bt_bb_remove_padding_yes bt_bb_fill_background_color_full\" data-bt-override-class=\"{&quot;bt_bb_align_&quot;:{&quot;current_class&quot;:&quot;bt_bb_align_inherit&quot;,&quot;xxl&quot;:&quot;inherit&quot;,&quot;xl&quot;:&quot;inherit&quot;}}\"><span><img src = \"https:\/\/hubrum.eu\/wp-content\/plugins\/bold-page-builder\/img\/blank.gif\" data-full_image_src=\"https:\/\/hubrum.eu\/wp-content\/uploads\/2023\/01\/gogreen.jpg\" data-image_src=\"https:\/\/hubrum.eu\/wp-content\/uploads\/2023\/01\/gogreen.jpg\" title=\"gogreen\" alt=\"https:\/\/hubrum.eu\/wp-content\/uploads\/2023\/01\/gogreen.jpg\" class=\"btLazyLoadImage\"><\/span><\/div><\/div><\/div><\/div><\/div><\/div><\/div><\/div><\/div><\/section><section id=\"bt_bb_section69f9ff9d770af\"  class=\"bt_bb_section bt_bb_layout_boxed_1200 bt_bb_top_spacing_extra_small bt_bb_bottom_spacing_normal\"   data-bt-override-class=\"{&quot;bt_bb_top_spacing_&quot;:{&quot;current_class&quot;:&quot;bt_bb_top_spacing_extra_small&quot;,&quot;xxl&quot;:&quot;extra_small&quot;,&quot;xl&quot;:&quot;extra_small&quot;},&quot;bt_bb_bottom_spacing_&quot;:{&quot;current_class&quot;:&quot;bt_bb_bottom_spacing_normal&quot;,&quot;xxl&quot;:&quot;normal&quot;,&quot;xl&quot;:&quot;normal&quot;}}\"><span class=\"bt_bb_overlay\"><\/span><div class=\"bt_bb_port\"><div class=\"bt_bb_cell\"><div class=\"bt_bb_cell_inner\"><div class=\"bt_bb_row_wrapper\"><div  class=\"bt_bb_row\"  data-bt-override-class=\"{}\"><div  class=\"bt_bb_column col-xl-12 col-xs-12 col-sm-12 col-md-12 col-lg-12 bt_bb_align_left bt_bb_vertical_align_top bt_bb_padding_normal\"  data-width=\"12\" data-bt-override-class=\"{}\"><div class=\"bt_bb_column_content\"><div class=\"bt_bb_column_content_inner\"><div  class=\"bt_bb_text\" ><p>In einem Sektor mit hohen Auswirkungen wie unserem bem\u00fchen wir uns aktiv darum, alle potenziellen negativen Auswirkungen unserer Aktivit\u00e4ten auf die Umwelt zu identifizieren und zu verhindern.<\/p>\n<p>Einerseits haben wir eine spezifische Strategie f\u00fcr die Bewirtschaftung und Reduzierung von Schadstoffemissionen entwickelt, um den Klimawandel zu bek\u00e4mpfen und den \u00dcbergang zu einer kohlenstoffarmen Gesellschaft zu f\u00f6rdern. Andererseits f\u00f6rdern wir den Respekt f\u00fcr die Umwelt, in der wir t\u00e4tig sind. Wir haben verschiedene Ma\u00dfnahmen getroffen, die auf die effiziente Nutzung der Wasserressourcen und die Verringerung der erzeugten Abf\u00e4lle sowie auf die Verhinderung des Austretens von Giftstoffen und ganz allgemein zum Schutz der Artenvielfalt abzielen.<\/p>\n<h4>Wassereinwirkung<\/h4>\n<p>Da wir oft in sensiblen Gebieten t\u00e4tig sind , die als \u201eWasserbeslastet\u201c gelten, f\u00f6rdern wir die effiziente Nutzung von Wasserressourcen, auch durch die Reduzierung von Abfall und die Wiederverwendung von Abwasser, sowohl auf der Ebene der HSE-Politik als auch auf der Betriebsebene: Wir haben Systeme eingerichtet, die eventuelle Leckagen in den Rohrleitungen signalisieren, und au\u00dferdem routinem\u00e4\u00dfige Wartungspl\u00e4ne f\u00fcr alle unsere Anlagen entwickelt. Ebenso haben wir systemtechnische L\u00f6sungen implementiert, die die Wiederverwendung von Wasser nach ordnungsgem\u00e4\u00dfer Aufbereitung erm\u00f6glichen. Es ist eine Aktivit\u00e4t, die uns helfen, um unseren Wasserverbrauch zu minimieren.<\/p>\n<h4>Versch\u00fcttungen<\/h4>\n<p>Ein wichtiger Aspekt unserer Umweltstrategie und unseres Sicherheitsbewusstseins ist die Vermeidung m\u00f6glicher gef\u00e4hrlicher Versch\u00fcttungen und die Bew\u00e4ltigung relativer Notf\u00e4lle. Wir verpflichten uns daher, alle m\u00f6glichen Risiken im Zusammenhang mit der Lagerung, dem Transport und der Verwendung von Stoffen w\u00e4hrend unseres Betriebs zu identifizieren und zu \u00fcberwachen.<\/p>\n<p>Dank unserer umfangreichen Erfahrung sind wir f\u00fchrend in der Entwicklung von Technologien, die in der Lage sind, eine schnelle Reaktion auf Notf\u00e4lle zu erm\u00f6glichen. Wir organisieren auch Schulungen f\u00fcr alle unsere Mitarbeiter in Bezug auf korrekte Verfahren zur Verwaltung und Begrenzung umweltgef\u00e4hrdender Versch\u00fcttungen und damit zum Schutz der Umwelt, in der wir t\u00e4tig sind.<\/p>\n<h4>Abfallmanagement<\/h4>\n<p>Um die Abf\u00e4lle, die auf Deponien oder in Verbrennungsanlagen gelangen, auf ein Minimum zu beschr\u00e4nken, haben wir Strategien f\u00fcr die Bewirtschaftung der von uns erzeugten Abf\u00e4lle ausgearbeitet, die eine angemessene Schulung des Personals und die Entwicklung gezielter Verfahren f\u00fcr das Recycling oder die Wiederverwendung als neues Material oder als Brennstoff vorsehen. Wir haben uns auch verpflichtet, geeignete Lagerbereiche auszuw\u00e4hlen, in denen die Auswirkungen minimal sein werden, und viele gef\u00e4hrliche Abf\u00e4lle durch ungiftige Alternativen ersetzt, indem wir unsere Betriebstechnologien schrittweise modernisiert haben.<\/p>\n<\/div><\/div><\/div><\/div><\/div><\/div><\/div><\/div><\/div><\/section>","protected":false},"excerpt":{"rendered":"","protected":false},"author":1,"featured_media":2791,"parent":0,"menu_order":0,"comment_status":"closed","ping_status":"closed","template":"","meta":[],"_links":{"self":[{"href":"https:\/\/hubrum.eu\/de\/wp-json\/wp\/v2\/pages\/2648"}],"collection":[{"href":"https:\/\/hubrum.eu\/de\/wp-json\/wp\/v2\/pages"}],"about":[{"href":"https:\/\/hubrum.eu\/de\/wp-json\/wp\/v2\/types\/page"}],"author":[{"embeddable":true,"href":"https:\/\/hubrum.eu\/de\/wp-json\/wp\/v2\/users\/1"}],"replies":[{"embeddable":true,"href":"https:\/\/hubrum.eu\/de\/wp-json\/wp\/v2\/comments?post=2648"}],"version-history":[{"count":3,"href":"https:\/\/hubrum.eu\/de\/wp-json\/wp\/v2\/pages\/2648\/revisions"}],"predecessor-version":[{"id":2795,"href":"https:\/\/hubrum.eu\/de\/wp-json\/wp\/v2\/pages\/2648\/revisions\/2795"}],"wp:featuredmedia":[{"embeddable":true,"href":"https:\/\/hubrum.eu\/de\/wp-json\/wp\/v2\/media\/2791"}],"wp:attachment":[{"href":"https:\/\/hubrum.eu\/de\/wp-json\/wp\/v2\/media?parent=2648"}],"curies":[{"name":"wp","href":"https:\/\/api.w.org\/{rel}","templated":true}]}}