{"id":2663,"date":"2023-01-19T06:11:28","date_gmt":"2023-01-19T06:11:28","guid":{"rendered":"https:\/\/new.hubrum.eu\/?page_id=2663"},"modified":"2023-01-30T08:37:16","modified_gmt":"2023-01-30T08:37:16","slug":"vendor","status":"publish","type":"page","link":"https:\/\/hubrum.eu\/de\/vendor\/","title":{"rendered":"Anbieter"},"content":{"rendered":"<section id=\"bt_bb_section69f9ffa3e4f50\"  class=\"bt_bb_section bt_bb_layout_boxed_1200 bt_bb_vertical_align_top bt_bb_top_spacing_normal bt_bb_bottom_spacing_normal\"   data-bt-override-class=\"{&quot;bt_bb_top_spacing_&quot;:{&quot;current_class&quot;:&quot;bt_bb_top_spacing_normal&quot;,&quot;xxl&quot;:&quot;normal&quot;,&quot;xl&quot;:&quot;normal&quot;},&quot;bt_bb_bottom_spacing_&quot;:{&quot;current_class&quot;:&quot;bt_bb_bottom_spacing_normal&quot;,&quot;xxl&quot;:&quot;normal&quot;,&quot;xl&quot;:&quot;normal&quot;}}\"><span class=\"bt_bb_overlay\"><\/span><div class=\"bt_bb_port\"><div class=\"bt_bb_cell\"><div class=\"bt_bb_cell_inner\"><div class=\"bt_bb_row_wrapper\"><div  class=\"bt_bb_row\"  data-bt-override-class=\"{}\"><div  class=\"bt_bb_column col-xl-12 col-xs-12 col-sm-12 col-md-12 col-lg-12 bt_bb_align_left bt_bb_vertical_align_top bt_bb_padding_normal\"  data-width=\"12\" data-bt-override-class=\"{}\"><div class=\"bt_bb_column_content\"><div class=\"bt_bb_column_content_inner\"><div  class=\"bt_bb_text\" ><h4>Wir arbeiten mit unseren Subunternehmern und Lieferanten zusammen, um Innovationsl\u00f6sungen zur Unterst\u00fctzung der Projektabwicklung auf der ganzen Welt  zu erreichen. HUBRUM Absicht ist es, seine Lieferanten als Partner zu behandeln.<\/h4>\n<p>Der Schl\u00fcssel zu unserem Erfolg ist unser Engagement f\u00fcr ethisches, sicheres und faires Handeln \u2014 und wir erwarten von unseren Gesch\u00e4ftspartnern, dass sie dasselbe tun. Unser Ziel ist es, Beziehungen zu den besten Lieferanten in den Bereichen Innovation, Compliance, Qualit\u00e4t, F\u00e4higkeiten, termingerechte Lieferung und Nachhaltigkeit aufzubauen.  Um dies zu erreichen, \u00fcberwachen wir st\u00e4ndig bestehende HUBRUM-Lieferanten und bewerten neue potenzielle Lieferanten.<\/p>\n<\/div><\/div><\/div><\/div><\/div><\/div><\/div><\/div><\/div><\/section><section id=\"bt_bb_section69f9ffa3e56c4\"  class=\"bt_bb_section bt_bb_layout_boxed_1200\"   data-bt-override-class=\"null\"><span class=\"bt_bb_overlay\"><\/span><div class=\"bt_bb_port\"><div class=\"bt_bb_cell\"><div class=\"bt_bb_cell_inner\"><div class=\"bt_bb_row_wrapper\"><div  class=\"bt_bb_row\"  data-bt-override-class=\"{}\"><div  class=\"bt_bb_column col-xl-12 col-xs-12 col-sm-12 col-md-12 col-lg-12 bt_bb_align_left bt_bb_vertical_align_top bt_bb_padding_normal\"  data-width=\"12\" data-bt-override-class=\"{}\"><div class=\"bt_bb_column_content\"><div class=\"bt_bb_column_content_inner\"><div class=\"bt_bb_contact_form_7 bt_bb_submit_button_style_accent bt_bb_submit_button_size_small bt_bb_submit_button_alignment_inherit bt_bb_input_fields_style_filled\">\n<div class=\"wpcf7 no-js\" id=\"wpcf7-f2948-o1\" lang=\"en\" dir=\"ltr\">\n<div class=\"screen-reader-response\"><p role=\"status\" aria-live=\"polite\" aria-atomic=\"true\"><\/p> <ul><\/ul><\/div>\n<form action=\"\/de\/wp-json\/wp\/v2\/pages\/2663#wpcf7-f2948-o1\" method=\"post\" class=\"wpcf7-form init\" aria-label=\"Kontaktformular\" enctype=\"multipart\/form-data\" novalidate=\"novalidate\" data-status=\"init\" data-trp-original-action=\"\/de\/wp-json\/wp\/v2\/pages\/2663#wpcf7-f2948-o1\">\n<div style=\"display: none;\">\n<input type=\"hidden\" name=\"_wpcf7\" value=\"2948\" \/>\n<input type=\"hidden\" name=\"_wpcf7_version\" value=\"5.7.7\" \/>\n<input type=\"hidden\" name=\"_wpcf7_locale\" value=\"en\" \/>\n<input type=\"hidden\" name=\"_wpcf7_unit_tag\" value=\"wpcf7-f2948-o1\" \/>\n<input type=\"hidden\" name=\"_wpcf7_container_post\" value=\"0\" \/>\n<input type=\"hidden\" name=\"_wpcf7_posted_data_hash\" value=\"\" \/>\n<\/div>\n<p><label><br \/>\nIhr Name (Pflichtfeld)<br \/>\n<span class=\"wpcf7-form-control-wrap\" data-name=\"Yourname\"><input size=\"40\" class=\"wpcf7-form-control wpcf7-text wpcf7-validates-as-required\" aria-required=\"true\" aria-invalid=\"false\" value=\"\" type=\"text\" name=\"Yourname\" \/><\/span><\/label><br \/>\n<label><br \/>\nE-Mail-Adresse (Pflichtfeld)<br \/>\n<span class=\"wpcf7-form-control-wrap\" data-name=\"EmailAddress\"><input size=\"40\" class=\"wpcf7-form-control wpcf7-text wpcf7-email wpcf7-validates-as-required wpcf7-validates-as-email\" aria-required=\"true\" aria-invalid=\"false\" value=\"\" type=\"email\" name=\"EmailAddress\" \/><\/span><\/label><br \/>\n<label><br \/>\nTelefonnummer (Pflichtfeld)<br \/>\n<span class=\"wpcf7-form-control-wrap\" data-name=\"PhoneNumber\"><input class=\"wpcf7-form-control wpcf7-number wpcf7-validates-as-required wpcf7-validates-as-number\" aria-required=\"true\" aria-invalid=\"false\" value=\"\" type=\"number\" name=\"PhoneNumber\" \/><\/span><\/label><br \/>\n<label><br \/>\nBewerben (Pflichtfeld)         w\u00e4hlen Sie eine aus<br \/>\n<span class=\"wpcf7-form-control-wrap\" data-name=\"Apply\"><select class=\"wpcf7-form-control wpcf7-select wpcf7-validates-as-required\" aria-required=\"true\" aria-invalid=\"false\" name=\"Apply\"><option value=\"Manager\">Manager<\/option><option value=\"Asst. manager\">Asst. manager<\/option><\/select><\/span><br \/>\n<\/label><br \/>\nCR (Pflichtfeld)<br \/>\n<span class=\"wpcf7-form-control-wrap\" data-name=\"CR\"><input size=\"40\" class=\"wpcf7-form-control wpcf7-file\" accept=\".pdf,.txt\" aria-invalid=\"false\" type=\"file\" name=\"CR\" \/><\/span><br \/>\nMwSt. (Pflichtfeld)<br \/>\n<span class=\"wpcf7-form-control-wrap\" data-name=\"VAT\"><input size=\"40\" class=\"wpcf7-form-control wpcf7-file\" accept=\".pdf,.txt\" aria-invalid=\"false\" type=\"file\" name=\"VAT\" \/><\/span><br \/>\nZAKAT (Pflichtfeld)<br \/>\n<span class=\"wpcf7-form-control-wrap\" data-name=\"ZAKAT\"><input size=\"40\" class=\"wpcf7-form-control wpcf7-file\" accept=\".pdf,.txt\" aria-invalid=\"false\" type=\"file\" name=\"ZAKAT\" \/><\/span><br \/>\nIhre Nachricht<br \/>\n<span class=\"wpcf7-form-control-wrap\" data-name=\"Message\"><textarea cols=\"40\" rows=\"10\" class=\"wpcf7-form-control wpcf7-textarea\" aria-invalid=\"false\" name=\"Message\"><\/textarea><\/span><br \/>\n<input class=\"wpcf7-form-control has-spinner wpcf7-submit\" type=\"submit\" value=\"Senden\" \/>\n<\/p><div class=\"wpcf7-response-output\" aria-hidden=\"true\"><\/div>\n<input type=\"hidden\" name=\"trp-form-language\" value=\"de\"\/><\/form>\n<\/div>\n<\/div><\/div><\/div><\/div><\/div><\/div><\/div><\/div><\/div><\/section>","protected":false},"excerpt":{"rendered":"","protected":false},"author":1,"featured_media":2945,"parent":0,"menu_order":0,"comment_status":"closed","ping_status":"closed","template":"","meta":[],"_links":{"self":[{"href":"https:\/\/hubrum.eu\/de\/wp-json\/wp\/v2\/pages\/2663"}],"collection":[{"href":"https:\/\/hubrum.eu\/de\/wp-json\/wp\/v2\/pages"}],"about":[{"href":"https:\/\/hubrum.eu\/de\/wp-json\/wp\/v2\/types\/page"}],"author":[{"embeddable":true,"href":"https:\/\/hubrum.eu\/de\/wp-json\/wp\/v2\/users\/1"}],"replies":[{"embeddable":true,"href":"https:\/\/hubrum.eu\/de\/wp-json\/wp\/v2\/comments?post=2663"}],"version-history":[{"count":5,"href":"https:\/\/hubrum.eu\/de\/wp-json\/wp\/v2\/pages\/2663\/revisions"}],"predecessor-version":[{"id":2950,"href":"https:\/\/hubrum.eu\/de\/wp-json\/wp\/v2\/pages\/2663\/revisions\/2950"}],"wp:featuredmedia":[{"embeddable":true,"href":"https:\/\/hubrum.eu\/de\/wp-json\/wp\/v2\/media\/2945"}],"wp:attachment":[{"href":"https:\/\/hubrum.eu\/de\/wp-json\/wp\/v2\/media?parent=2663"}],"curies":[{"name":"wp","href":"https:\/\/api.w.org\/{rel}","templated":true}]}}