{"id":2675,"date":"2023-01-19T06:13:09","date_gmt":"2023-01-19T06:13:09","guid":{"rendered":"https:\/\/new.hubrum.eu\/?page_id=2675"},"modified":"2023-01-25T14:36:35","modified_gmt":"2023-01-25T14:36:35","slug":"privacy-policy","status":"publish","type":"page","link":"https:\/\/hubrum.eu\/de\/privacy-policy\/","title":{"rendered":"Datenschutzerkl\u00e4rkung"},"content":{"rendered":"<section id=\"bt_bb_section69df1c8d574b0\"  class=\"bt_bb_section bt_bb_layout_boxed_1200 bt_bb_top_spacing_medium\"   data-bt-override-class=\"{&quot;bt_bb_top_spacing_&quot;:{&quot;current_class&quot;:&quot;bt_bb_top_spacing_medium&quot;,&quot;xxl&quot;:&quot;medium&quot;,&quot;xl&quot;:&quot;medium&quot;}}\"><span class=\"bt_bb_overlay\"><\/span><div class=\"bt_bb_port\"><div class=\"bt_bb_cell\"><div class=\"bt_bb_cell_inner\"><div class=\"bt_bb_row_wrapper\"><div  class=\"bt_bb_row\"  data-bt-override-class=\"{}\"><div  class=\"bt_bb_column col-xl-12 col-xs-12 col-sm-12 col-md-12 col-lg-12 bt_bb_align_left bt_bb_vertical_align_top bt_bb_padding_normal\"  data-width=\"12\" data-bt-override-class=\"{}\"><div class=\"bt_bb_column_content\"><div class=\"bt_bb_column_content_inner\"><div  class=\"bt_bb_text\" ><div class=\"col-md-12\">\n<h4>Datenschutzerkl\u00e4rkung<\/h4>\n<\/div>\n<div class=\"col-md-12\">\n<p>Vielen Dank f\u00fcr Ihren Besuch auf unserer Webseite. HUBRUM setzt sich nachdr\u00fccklich f\u00fcr den Schutz der Privatsph\u00e4re von Nutzern (\u201eSie\u201c oder \u201eIhr\u201c) ein, die Hubrum.eu besuchen (\u201eWebseite\u201c oder \u201eService\u201c). Wir fungieren als Verantwortliche f\u00fcr Ihre personenbezogenen Daten.<\/p>\n<h5>Datenschutz<\/h5>\n<p>Wir haben diese Datenschutzerkl\u00e4rung erstellt, um Ihnen mitzuteilen, wie wir Ihre personenbezogenen Daten verwenden, d. h. alle Informationen, die sich direkt oder indirekt auf Sie beziehen und den Schutz nach den lokalen Datenschutzgesetzen, einschlie\u00dflich der Europ\u00e4ischen Allgemeinen Datenschutzbestimmungen (EU) 2016\/679, gew\u00e4hrleisten. Es ist uns wichtig, dass Sie verstehen, wie wir mit Ihren personenbezogenen Daten umgehen, und dass Sie sich Ihrer Rechte bewusst sind.\n\"Personenbezogene Daten\" sind Informationen, die verwendet werden k\u00f6nnen, um direkt oder indirekt eine Person zu identifizieren, aber keine Daten umfassen, die anonymisiert, anonym oder \u00f6ffentlich zug\u00e4nglich sind.<\/p>\n<p>\u201cPersonal Data\u201d means information which can be used to identify, directly or indirectly, a individual, but does not include data that is de-identified, anonymous, or publicly available.<\/p>\n<h6>Welche personenbezogenen Daten erheben wir? Warum? Wie?<\/h6>\n<p>HUBRUM kann sammeln:<\/p>\n<p>(a)\tInformationen \u00fcber Ihre Besuche auf und Nutzung dieser Webseite, wie in \"Webseite-Nutzungsdaten und Cookies\".<\/p>\n<p>(b)\tIhre E-Mail-Adresse und andere notwendige Kontaktinformationen f\u00fcr Benachrichtigungen und Newsletter von HUBRUM.<\/p>\n<p>(c)\tIhre E-Mail-Adresse und andere notwendige Kontaktinformationen f\u00fcr Benachrichtigungen und Newsletter von HUBRUM.<\/p>\n<p>(d)\tDie Informationen, die in Bewerbungen enthalten sind, die Sie online bei uns einreichen.<\/p>\n<p>Personenbezogene Daten werden erhoben, wenn Sie ein Konto auf unserer Webseite einrichten, nachdem Sie Ihre Einwilligung erkl\u00e4rt haben, wenn Sie sich bei unseren Webseite-Diensten anmelden, um die Benutzerauthentifizierung sicherzustellen und  unsere Webseite zu erm\u00f6glichen, die von Ihnen gew\u00e4hlten Funktionen auszuf\u00fchren.<\/p>\n<p>Personenbezogene Daten werden auch erhoben, wenn Sie nur mit uns kommunizieren oder unsere Webseite besuchen<\/p>\n<p>Wie es  gesetzlich zul\u00e4ssig  ist, d\u00fcrfen wir Ihre personenbezogenen Daten unter den in den lokalen einschl\u00e4gigen Gesetzen festgelegten Bedingungen f\u00fcr weitere Zwecke verwenden. In jedem Fall beachtet HUBRUM die Transparenz und die \u00fcbrigen Grunds\u00e4tze f\u00fcr die rechtm\u00e4\u00dfige Verarbeitung Ihrer personenbezogenen Daten.<\/p>\n<h6>Kontaktformulare<\/h6>\n<p>Wir sammeln und verarbeiten Informationen, wenn Sie Kontaktformulare ausf\u00fcllen, um mit HUBRUM zu kommunizieren, nachdem Sie Ihre Zustimmung eingeholt haben. Diese Informationen werden verwendet, um Ihnen Antworten auf Ihre Fragen zu senden und Ihnen, soweit m\u00f6glich, jede Hilfe oder Anleitung zur Verf\u00fcgung zu stellen.<\/p>\n<p>Wenn Sie ein Lieferant oder Kunde von HUBRUM sind, k\u00f6nnen wir diese Informationen gegebenenfalls auch verwenden, um unseren Verpflichtungen nachzukommen und unsere Rechte aus dem von Ihnen und uns geschlossenen Vertrag zu verfolgen. Solche Informationen werden auch in der Phase vor dem Vertragsabschluss gesammelt und behandelt, um eine Bestellung an Sie weiterzuleiten oder eine andere relevante Anfrage zu stellen. Das Vers\u00e4umnis, uns diese Informationen zur Verf\u00fcgung zu stellen, kann uns daran hindern, unsere Verpflichtungen im Rahmen eines bestehenden oder zuk\u00fcnftigen Vertragsverh\u00e4ltnisses reibungslos zu erf\u00fcllen.<\/p>\n<h6>Bewerber<\/h6>\n<p>Wir sammeln und verwenden Informationen, die Sie uns zur Verf\u00fcgung stellen, wenn Sie sich online f\u00fcr offene Stellen bewerben oder wenn Sie Ihr Interesse bekunden, unserem Team beizutreten. In diesem Fall werden Ihre personenbezogenen Daten mit der separaten Datenschutzerkl\u00e4rung und den Nutzungsbedingungen von HUBRUM Recruitment verarbeitet.<\/p>\n<p>Wenn Sie f\u00fcr eine Stelle ausgew\u00e4hlt werden, werden Ihre personenbezogenen Daten gem\u00e4\u00df der separaten Datenschutzrichtlinie f\u00fcr Mitarbeiter, die von HUBRUM zum Zeitpunkt Ihres Onboardings erlassen wurde, weiterverarbeitet.<\/p>\n<p>Weitergabe Ihrer personenbezogenen Daten?<\/p>\n<p>Unbeschadet der Offenlegung von Informationen, die von den zust\u00e4ndigen Beh\u00f6rden verbindlich vorgeschrieben wurden, und nur in dem Umfang, in dem eine solche Offenlegung gesetzlich vorgeschrieben ist, k\u00f6nnen personenbezogene Daten, die Sie HUBRUM zur Verf\u00fcgung stellen, im Einklang mit geltendem Recht und in \u00dcbereinstimmung mit den jeweiligen Zwecken wie folgt weitergegeben werden:<\/p>\n<p>In der HUBRUM- Abteilungen gibt es je nach Bedarf Vertretern und Mitarbeitern. Die Nutzungsdaten werden von der HUBRUM- Abteilung verarbeitet, die f\u00fcr unsere IT-Funktionen verantwortlich ist.<\/p>\n<p>Mit verbundenen Unternehmen und Tochtergesellschaften von HUBRUM. Bitte beachten Sie, dass HUBRUM ein berechtigtes Interesse daran hat, Ihre personenbezogenen Daten innerhalb der Gruppe der verbundenen Unternehmen zu  internen Verwaltungszwecken zu \u00fcbermitteln und den \u00fcbrigen genannten Zwecken, die in dieser Datenschutzerkl\u00e4rung stehen, besser zu dienen.<\/p>\n<p>Mit Strafverfolgungsbeh\u00f6rden, wenn dies gesetzlich vorgeschrieben ist und im Rahmen der entsprechenden Garantien zum Schutz Ihrer Grundrechte, insbesondere wenn HUBRUM vern\u00fcnftigerweise der Ansicht ist, dass ungesetzliche Aktivit\u00e4ten, Betrug oder K\u00f6rperverletzung oder Tod stattgefunden haben oder die personenbezogenen Daten eine laufende Untersuchung unterst\u00fctzen k\u00f6nnen.<\/p>\n<p>Alle Dienstleister von HUBRUM verwenden personenbezogene Daten nur f\u00fcr die in dieser Mitteilung genannten Zwecke und erbringen Dienstleistungen im Rahmen eines Vertrags, der die Verwendung von Informationen auf das beschr\u00e4nkt, was zur Erbringung von Dienstleistungen in unserem Namen oder zur Einhaltung gesetzlicher Anforderungen erforderlich ist.<\/p>\n<\/div>\n<\/div><\/div><\/div><\/div><\/div><\/div><\/div><\/div><\/div><\/section>","protected":false},"excerpt":{"rendered":"","protected":false},"author":1,"featured_media":2764,"parent":0,"menu_order":0,"comment_status":"closed","ping_status":"closed","template":"","meta":[],"_links":{"self":[{"href":"https:\/\/hubrum.eu\/de\/wp-json\/wp\/v2\/pages\/2675"}],"collection":[{"href":"https:\/\/hubrum.eu\/de\/wp-json\/wp\/v2\/pages"}],"about":[{"href":"https:\/\/hubrum.eu\/de\/wp-json\/wp\/v2\/types\/page"}],"author":[{"embeddable":true,"href":"https:\/\/hubrum.eu\/de\/wp-json\/wp\/v2\/users\/1"}],"replies":[{"embeddable":true,"href":"https:\/\/hubrum.eu\/de\/wp-json\/wp\/v2\/comments?post=2675"}],"version-history":[{"count":6,"href":"https:\/\/hubrum.eu\/de\/wp-json\/wp\/v2\/pages\/2675\/revisions"}],"predecessor-version":[{"id":2765,"href":"https:\/\/hubrum.eu\/de\/wp-json\/wp\/v2\/pages\/2675\/revisions\/2765"}],"wp:featuredmedia":[{"embeddable":true,"href":"https:\/\/hubrum.eu\/de\/wp-json\/wp\/v2\/media\/2764"}],"wp:attachment":[{"href":"https:\/\/hubrum.eu\/de\/wp-json\/wp\/v2\/media?parent=2675"}],"curies":[{"name":"wp","href":"https:\/\/api.w.org\/{rel}","templated":true}]}}