{"id":2677,"date":"2023-01-19T06:13:16","date_gmt":"2023-01-19T06:13:16","guid":{"rendered":"https:\/\/new.hubrum.eu\/?page_id=2677"},"modified":"2023-01-25T15:45:02","modified_gmt":"2023-01-25T15:45:02","slug":"site-notice","status":"publish","type":"page","link":"https:\/\/hubrum.eu\/de\/site-notice\/","title":{"rendered":"Impressum"},"content":{"rendered":"<section id=\"bt_bb_section69df7764b3de1\"  class=\"bt_bb_section bt_bb_layout_boxed_1200 bt_bb_top_spacing_normal bt_bb_bottom_spacing_normal\"   data-bt-override-class=\"{&quot;bt_bb_top_spacing_&quot;:{&quot;current_class&quot;:&quot;bt_bb_top_spacing_normal&quot;,&quot;xxl&quot;:&quot;normal&quot;,&quot;xl&quot;:&quot;normal&quot;},&quot;bt_bb_bottom_spacing_&quot;:{&quot;current_class&quot;:&quot;bt_bb_bottom_spacing_normal&quot;,&quot;xxl&quot;:&quot;normal&quot;,&quot;xl&quot;:&quot;normal&quot;}}\"><span class=\"bt_bb_overlay\"><\/span><div class=\"bt_bb_port\"><div class=\"bt_bb_cell\"><div class=\"bt_bb_cell_inner\"><div class=\"bt_bb_row_wrapper\"><div  class=\"bt_bb_row\"  data-bt-override-class=\"{}\"><div  class=\"bt_bb_column col-xl-12 col-xs-12 col-sm-12 col-md-12 col-lg-12 bt_bb_align_left bt_bb_vertical_align_top bt_bb_padding_normal\"  data-width=\"12\" data-bt-override-class=\"{}\"><div class=\"bt_bb_column_content\"><div class=\"bt_bb_column_content_inner\"><div  class=\"bt_bb_text\" ><h4>Webseite-Nutzungsdaten und Cookies<\/h4>\n<p>HUBRUM kann Informationen dar\u00fcber sammeln, wie die Webseite aufgerufen und genutzt wird (\u201eNutzungsdaten\u201c). Diese Nutzungsdaten k\u00f6nnen Informationen wie Ihren Browsertyp, Ihre Browserversion, die von Ihnen besuchten Seiten unseres Dienstes, die Uhrzeit und das Datum Ihres Besuchs, die auf diesen Seiten verbrachte Zeit, eindeutige Ger\u00e4tekennungen und andere Diagnosedaten enthalten.<\/p>\n<p>Wir k\u00f6nnen diese Informationen verwenden, um die Webseite bereitzustellen und zu pflegen, Sie \u00fcber \u00c4nderungen an unserem Dienst zu informieren, Ihnen die Teilnahme an interaktiven Funktionen unseres Dienstes der Webseite zu erm\u00f6glichen, wenn Sie dies w\u00fcnschen, Kundenbetreuung und Support f\u00fcr die Webseite bereitzustellen, Analysen oder wertvolle Informationen bereitzustellen, damit wir den Dienst verbessern k\u00f6nnen, die Nutzung des Dienstes \u00fcberwachen und technische Probleme der Webseite erkennen, verhindern und beheben k\u00f6nnen.<\/p>\n<p>Diese Zwecke repr\u00e4sentieren auch unsere berechtigten Interessen, diese Webseite zu verwalten, ihre Benutzerfreundlichkeit zu verbessern und Ihr Surferlebnis durch die Personalisierung der Webseite zu verbessern.<\/p>\n<h4>Sicherheit<\/h4>\n<p>Die Sicherheit ihrer personenbezogenen Daten ist uns sehr wichtig. Wir werden geeignete technische und organisatorische Ma\u00dfnahmen ergreifen, um den Schutz Ihrer Privatsph\u00e4re und ein Sicherheitsniveau zu gew\u00e4hrleisten, das den Risiken entspricht, die mit jedem Verarbeitungsvorgang verbunden sind.  Wir stellen jedoch fest, dass keine Methode der  \u00dcbertragung \u00fcber das Internet oder die elektronische Speichermethode 100 % sicher ist. W\u00e4hrend wir uns bem\u00fchen, kommerziell akzeptable Mittel zum Schutz Ihrer personenbezogenen Daten zu verwenden, unterstreichen wir, dass wir keine Haftung f\u00fcr Ereignisse \u00fcbernehmen, f\u00fcr die wir nicht verantwortlich sind.<\/p>\n<h4>Links zu anderen Webseites<\/h4>\n<p>Die Webseite enth\u00e4lt Hyperlinks zu anderen Webseiten (d.h. nicht-HUBRUM Seiten), die f\u00fcr die Nutzer von Interesse sein k\u00f6nnten. HUBRUM kontrolliert oder \u00fcberwacht nicht die Privatsph\u00e4re, Genauigkeit, Qualit\u00e4t oder Integrit\u00e4t dieser Webseiten. Sie sollten die Datenschutzhinweise und die Richtlinien jeder von Ihnen besuchten Webseiten \u00fcberpr\u00fcfen. Die Links zu Drittwebseiten werden ausschlie\u00dflich zu Ihrer Bequemlichkeit bereitgestellt, und jede Verwendung oder \u00dcbermittlung von Daten an solche Webseiten erfolgt auf Ihr alleiniges Risiko.<\/p>\n<h4>Wie lange bewahrt HUBRUM personenbezogene Daten auf ?<\/h4>\n<p>HUBRUM beschr\u00e4nkt die Verwendung personenbezogener Daten, die mit den Zwecken, f\u00fcr die die personenbezogenen Daten erhoben oder sp\u00e4ter autorisiert wurden, vereinbar und relevant sind oder f\u00fcr die eine bestimmte Rechtsgrundlage verwendet wurde, wie z. B. berechtigte Interessen, Zustimmung, Vertragserf\u00fcllung, Einhaltung einer gesetzlichen Verpflichtung. HUBRUM wird angemessene Schritte unternehmen, um sicherzustellen, dass personenbezogene Daten f\u00fcr den beabsichtigten Gebrauch zuverl\u00e4ssig sind und dass die Informationen korrekt, vollst\u00e4ndig und aktuell sind.<\/p>\n<p>Personenbezogene Daten werden bei Bedarf aufbewahrt, um die Zwecke zu erf\u00fcllen, f\u00fcr die sie erhoben wurden. Dar\u00fcber hinaus werden personenbezogene Daten auch in \u00dcbereinstimmung mit den gesetzlichen, beh\u00f6rdlichen und vertraglichen Anforderungen und in \u00dcbereinstimmung mit dem Aufbewahrungsplan von HUBRUM aufbewahrt. Unbeschadet Ihrer Rechte, die  im folgenden Abschnitt erl\u00e4utert werden, werden wir Ihre personenbezogenen Daten wie folgt speichern:<\/p>\n<ul class=\"redarrow\">\n<li>Informationen \u00fcber Ihren Besuch und Ihre Nutzung dieser Website werden nur so lange aufbewahrt, wie Sie diese Website nutzen.<\/li>\n<li>Die relevanten Informationen zu den Transaktionen zwischen Ihnen und uns  werden w\u00e4hrend des gesamten Lebenszyklus der Transaktionen und so lange gespeichert, wie es f\u00fcr die Verfolgung von Rechtsanspr\u00fcchen erforderlich oder nach lokalem Recht, einschlie\u00dflich unter anderem der Steuergesetzgebung, verlangt.<\/li>\n<\/ul>\n<h4>Geistiges Eigentum<\/h4>\n<p>Die Informationen auf dieser Website, einschlie\u00dflich aller Designs, Texte, Bilder, Whitepaper, Pressemitteilungen und anderer Informationen, sind urheberrechtlich gesch\u00fctzt und Eigentum von HUBRUM oder werden unter Lizenz des Urheberrechtsinhabers verwendet. Die Informationen d\u00fcrfen ohne vorherige schriftliche Zustimmung von HUBRUM weder ganz noch teilweise kopiert, heruntergeladen, reproduziert, erneut ver\u00f6ffentlicht, \u00fcbertragen, angezeigt, verteilt, vermietet, unterlizenziert, ver\u00e4ndert, f\u00fcr eine sp\u00e4tere Verwendung gespeichert oder anderweitig in irgendeiner Weise verwendet werden, es sei denn, eine solche Verwendung ist nach den Urheberrechtsgesetzen zul\u00e4ssig.<\/p>\n<p>Die auf dieser Website verwendeten Logos, Marken, Dienstleistungsmarken und Bilder von HUBRUM sind Eigentum von HUBRUM und d\u00fcrfen nicht ohne Genehmigung von HUBRUM und nur mit ordnungsgem\u00e4\u00dfer Best\u00e4tigung verwendet werden. Bitte kontaktieren Sie uns, um eine Genehmigung zu erhalten.<\/p>\n<h4>Haftungsausschluss<\/h4>\n<p>Obwohl HUBRUM sich bem\u00fcht, nur korrekte Informationen auf dieser Website zu pr\u00e4sentieren, \u00fcbernehmen wir keine Verantwortung und machen keine Zusicherungen in Bezug auf die Richtigkeit der hier dargestellten Informationen. Daher werden alle Materialien und Informationen \u201eso wie sie sind\u201c pr\u00e4sentiert, und HUBRUM lehnt ausdr\u00fccklich alle stillschweigenden oder ausdr\u00fccklichen Garantien der Marktg\u00e4ngigkeit, der Eignung f\u00fcr einen bestimmten Zweck oder der Nichtverletzung von geistigem Eigentum in Bezug auf dieses Material ab. In keinem Fall haftet HUBRUM f\u00fcr Sch\u00e4den jeglicher Art, die sich aus oder im Zusammenhang mit Ihrem Zugriff auf oder Ihrer Nutzung unserer Website oder der hier dargestellten Informationen oder Materialien ergeben<\/p>\n<h4>Ihre Rechte<\/h4>\n<p>Sie haben das Recht, sich nach den personenbezogenen Daten zu erkundigen, die HUBRUM \u00fcber Sie gespeichert hat. Sie haben jederzeit das Recht, Zugang zu Ihren personenbezogenen Daten zu verlangen. Dar\u00fcber hinaus k\u00f6nnen Sie unserer Verarbeitung Ihrer personenbezogenen Daten widersprechen und die Berichtigung, \u00c4nderung, L\u00f6schung oder Einschr\u00e4nkung der Verarbeitung Ihrer personenbezogenen Daten und der Daten\u00fcbertragbarkeit verlangen.<\/p>\n<p>Wenn Sie eines oder mehrere Ihrer Rechte aus\u00fcben m\u00f6chten, k\u00f6nnen Sie ein Antragsformular herunterladen und ausf\u00fcllen und es an privacy@ Hubrum.eu senden.<\/p>\n<p>Wenn Sie mit dem Umgang mit Ihren personenbezogenen Daten unzufrieden sind, wenden Sie sich bitte an HUBRUM unter privacy@Hubrum.eu.<\/p>\n<h4>Die \u00c4nderungen dieser Datenschutzerkl\u00e4rung<\/h4>\n<p>HUBRUM kann \u00c4nderungen an dieser Datenschutzerkl\u00e4rung vornehmen. Die Benachrichtigung \u00fcber \u00c4nderungen wird auf dieser Seite ver\u00f6ffentlicht. Sie sollten diese Datenschutzerkl\u00e4rung regelm\u00e4\u00dfig \u00fcberpr\u00fcfen, um \u00fcber unsere neuesten Richtlinien und Praktiken auf dem Laufenden zu bleiben.<\/p>\n<\/div><\/div><\/div><\/div><\/div><\/div><\/div><\/div><\/div><\/section>","protected":false},"excerpt":{"rendered":"","protected":false},"author":1,"featured_media":2781,"parent":0,"menu_order":0,"comment_status":"closed","ping_status":"closed","template":"","meta":[],"_links":{"self":[{"href":"https:\/\/hubrum.eu\/de\/wp-json\/wp\/v2\/pages\/2677"}],"collection":[{"href":"https:\/\/hubrum.eu\/de\/wp-json\/wp\/v2\/pages"}],"about":[{"href":"https:\/\/hubrum.eu\/de\/wp-json\/wp\/v2\/types\/page"}],"author":[{"embeddable":true,"href":"https:\/\/hubrum.eu\/de\/wp-json\/wp\/v2\/users\/1"}],"replies":[{"embeddable":true,"href":"https:\/\/hubrum.eu\/de\/wp-json\/wp\/v2\/comments?post=2677"}],"version-history":[{"count":3,"href":"https:\/\/hubrum.eu\/de\/wp-json\/wp\/v2\/pages\/2677\/revisions"}],"predecessor-version":[{"id":2780,"href":"https:\/\/hubrum.eu\/de\/wp-json\/wp\/v2\/pages\/2677\/revisions\/2780"}],"wp:featuredmedia":[{"embeddable":true,"href":"https:\/\/hubrum.eu\/de\/wp-json\/wp\/v2\/media\/2781"}],"wp:attachment":[{"href":"https:\/\/hubrum.eu\/de\/wp-json\/wp\/v2\/media?parent=2677"}],"curies":[{"name":"wp","href":"https:\/\/api.w.org\/{rel}","templated":true}]}}