{"id":2847,"date":"2023-01-28T07:19:31","date_gmt":"2023-01-28T07:19:31","guid":{"rendered":"https:\/\/new.hubrum.eu\/?page_id=2847"},"modified":"2023-01-28T07:22:19","modified_gmt":"2023-01-28T07:22:19","slug":"website-accessibility","status":"publish","type":"page","link":"https:\/\/hubrum.eu\/de\/website-accessibility\/","title":{"rendered":"Zug\u00e4nglichkeit der Website"},"content":{"rendered":"<section id=\"bt_bb_section69e73d2e7e5cb\"  class=\"bt_bb_section bt_bb_layout_boxed_1200 bt_bb_top_spacing_normal bt_bb_bottom_spacing_normal\"   data-bt-override-class=\"{&quot;bt_bb_top_spacing_&quot;:{&quot;current_class&quot;:&quot;bt_bb_top_spacing_normal&quot;,&quot;xxl&quot;:&quot;normal&quot;,&quot;xl&quot;:&quot;normal&quot;},&quot;bt_bb_bottom_spacing_&quot;:{&quot;current_class&quot;:&quot;bt_bb_bottom_spacing_normal&quot;,&quot;xxl&quot;:&quot;normal&quot;,&quot;xl&quot;:&quot;normal&quot;}}\"><span class=\"bt_bb_overlay\"><\/span><div class=\"bt_bb_port\"><div class=\"bt_bb_cell\"><div class=\"bt_bb_cell_inner\"><div class=\"bt_bb_row_wrapper\"><div  class=\"bt_bb_row\"  data-bt-override-class=\"{}\"><div  class=\"bt_bb_column col-xl-12 col-xs-12 col-sm-12 col-md-12 col-lg-12 bt_bb_align_left bt_bb_vertical_align_top bt_bb_padding_normal\"  data-width=\"12\" data-bt-override-class=\"{}\"><div class=\"bt_bb_column_content\"><div class=\"bt_bb_column_content_inner\"><div  class=\"bt_bb_text\" ><div class=\"col-md-12\">\n<h4>Zug\u00e4nglichkeit der Website<\/h4>\n<\/div>\n<div class=\"col-md-12\">\n<p>Wir m\u00f6chten, dass so viele Menschen wie m\u00f6glich diese Website nutzen k\u00f6nnen<\/p>\n<p>Hubrum arbeitet kontinuierlich daran, seine Webinhalte und -ressourcen zug\u00e4nglich zu machen und unsere Bem\u00fchungen um die Integration von Menschen online zu erweitern. Wir sind der Meinung, dass unsere Website-Besucher die Wahl haben sollten, wie sie unsere Inhalte betrachten, und wir verpflichten uns, eine Website bereitzustellen, die f\u00fchrende Praktiken der Barrierefreiheit ber\u00fccksichtigt<\/p>\n<h5>Einhaltung der Vorschriften vor Ort<\/h5>\n<p>Hubrum.eu wird derzeit aktualisiert, um dem Standard der WCAG 2.1 AA-Leitlinien vollst\u00e4ndig zu entsprechen. Derzeit werden die folgenden Aktualisierungen vorgenommen:<\/p>\n<ul>\n<li>Hinzuf\u00fcgen der Attribute role und aria-label zum Karussell auf der Startseite<\/li>\n<li>Hinzuf\u00fcgen eines Rollenattributs zum Hauptmen\u00fc und zu bestimmten Symbolbildern<\/li>\n<li>Sicherstellung, dass die Textelemente dem akzeptablen Mindestvertragsverh\u00e4ltnis von 4:5:1 entsprechen<\/li>\n<\/ul>\n<h5>Unterst\u00fctzte Browser<\/h5>\n<p>Hubrum.eu ist so optimiert, dass es mit den folgenden Browsern am besten funktioniert:<\/p>\n<ul>\n<li>Google Chrome<\/li>\n<li>Firefox<\/li>\n<li>Safari<\/li>\n<li>Microsoft Edge<\/li>\n<\/ul>\n<h5><\/h5>\n<p>Wenn Sie die Informationen auf dieser Website in einem anderen Format ben\u00f6tigen, z. B. als barrierefreie PDF-Datei, in Gro\u00dfdruck, in leichter Sprache oder als Audioaufnahme, k\u00f6nnen Sie sich an uns wenden\u00a0<a href=\"mailto:hello@Hubrum.eu.\">hello@Hubrum.eu<\/a><\/p>\n<p>Bei der weiteren Entwicklung von Inhalten und anderen Funktionen unserer globalen Website werden wir darauf hinarbeiten, dass die Richtlinien f\u00fcr Barrierefreiheit und f\u00fchrende Praktiken eingehalten werden.<\/p>\n<p>Wir freuen uns \u00fcber das Feedback unserer Nutzer. Bitte teilen Sie uns Ihre Kommentare mit, indem Sie uns schreiben an\u00a0<a href=\"mailto:hello@Hubrum.eu.\">hello@Hubrum.eu<\/a><\/p>\n<\/div>\n<\/div><\/div><\/div><\/div><\/div><\/div><\/div><\/div><\/div><\/section>","protected":false},"excerpt":{"rendered":"","protected":false},"author":1,"featured_media":2851,"parent":0,"menu_order":0,"comment_status":"closed","ping_status":"closed","template":"","meta":[],"_links":{"self":[{"href":"https:\/\/hubrum.eu\/de\/wp-json\/wp\/v2\/pages\/2847"}],"collection":[{"href":"https:\/\/hubrum.eu\/de\/wp-json\/wp\/v2\/pages"}],"about":[{"href":"https:\/\/hubrum.eu\/de\/wp-json\/wp\/v2\/types\/page"}],"author":[{"embeddable":true,"href":"https:\/\/hubrum.eu\/de\/wp-json\/wp\/v2\/users\/1"}],"replies":[{"embeddable":true,"href":"https:\/\/hubrum.eu\/de\/wp-json\/wp\/v2\/comments?post=2847"}],"version-history":[{"count":5,"href":"https:\/\/hubrum.eu\/de\/wp-json\/wp\/v2\/pages\/2847\/revisions"}],"predecessor-version":[{"id":2853,"href":"https:\/\/hubrum.eu\/de\/wp-json\/wp\/v2\/pages\/2847\/revisions\/2853"}],"wp:featuredmedia":[{"embeddable":true,"href":"https:\/\/hubrum.eu\/de\/wp-json\/wp\/v2\/media\/2851"}],"wp:attachment":[{"href":"https:\/\/hubrum.eu\/de\/wp-json\/wp\/v2\/media?parent=2847"}],"curies":[{"name":"wp","href":"https:\/\/api.w.org\/{rel}","templated":true}]}}