{"id":2858,"date":"2023-01-28T07:26:21","date_gmt":"2023-01-28T07:26:21","guid":{"rendered":"https:\/\/new.hubrum.eu\/?page_id=2858"},"modified":"2023-01-28T07:26:38","modified_gmt":"2023-01-28T07:26:38","slug":"modern-slavery","status":"publish","type":"page","link":"https:\/\/hubrum.eu\/de\/modern-slavery\/","title":{"rendered":"Moderne Sklaverei"},"content":{"rendered":"<section id=\"bt_bb_section69df1c069bf9d\"  class=\"bt_bb_section bt_bb_layout_boxed_1200 bt_bb_top_spacing_normal bt_bb_bottom_spacing_normal\"   data-bt-override-class=\"{&quot;bt_bb_top_spacing_&quot;:{&quot;current_class&quot;:&quot;bt_bb_top_spacing_normal&quot;,&quot;xxl&quot;:&quot;normal&quot;,&quot;xl&quot;:&quot;normal&quot;},&quot;bt_bb_bottom_spacing_&quot;:{&quot;current_class&quot;:&quot;bt_bb_bottom_spacing_normal&quot;,&quot;xxl&quot;:&quot;normal&quot;,&quot;xl&quot;:&quot;normal&quot;}}\"><span class=\"bt_bb_overlay\"><\/span><div class=\"bt_bb_port\"><div class=\"bt_bb_cell\"><div class=\"bt_bb_cell_inner\"><div class=\"bt_bb_row_wrapper\"><div  class=\"bt_bb_row\"  data-bt-override-class=\"{}\"><div  class=\"bt_bb_column col-xl-12 col-xs-12 col-sm-12 col-md-12 col-lg-12 bt_bb_align_left bt_bb_vertical_align_top bt_bb_padding_normal\"  data-width=\"12\" data-bt-override-class=\"{}\"><div class=\"bt_bb_column_content\"><div class=\"bt_bb_column_content_inner\"><div  class=\"bt_bb_text\" ><div class=\"col-md-12\">\n<h4>Moderne Sklaverei<\/h4>\n<\/div>\n<div class=\"col-md-12\">\n<p>Diese Erkl\u00e4rung wurde in \u00dcbereinstimmung mit dem Modern Slavery Act 2015 ver\u00f6ffentlicht. Sie legt die Schritte dar, die HUBRUM unternimmt, um moderne Sklaverei und Menschenhandel in seinem Unternehmen und seinen Lieferketten zu verhindern.<\/p>\n<h3>Sklaverei und Menschenhandel<\/h3>\n<h4>Einf\u00fchrung<\/h4>\n<p>HUBRUM setzt sich daf\u00fcr ein, dass unsere Gesch\u00e4fte im Einklang mit den einschl\u00e4gigen Gesetzen gef\u00fchrt werden, und wir unterst\u00fctzen die Einf\u00fchrung und F\u00f6rderung ethischer Gesch\u00e4ftspraktiken, um Arbeitnehmer vor Missbrauch und Ausbeutung zu sch\u00fctzen.<\/p>\n<h4>Relevante Politiken<\/h4>\n<p>HUBRUM verf\u00fcgt \u00fcber mehrere Richtlinien, die das Risiko der modernen Sklaverei mindern und Schritte zur Verhinderung von Sklaverei und Menschenhandel in seinen Betrieben festlegen:<\/p>\n<ul>\n<li>HUBRUM Personalhandb\u00fccher<\/li>\n<li>HUBRUM Whistleblowing-Politik<\/li>\n<li>HUBRUM Anti-Bestechungs- und Korruptionspolitik.<\/li>\n<\/ul>\n<p>Diese Strategien und Dokumente werden weiterhin j\u00e4hrlich \u00fcberpr\u00fcft.<\/p>\n<h4>Management der Lieferkette<\/h4>\n<p>HUBRUM ist nicht in Gesch\u00e4ftsbereichen t\u00e4tig, die in der Vergangenheit mit einem Sicherheitsrisiko verbunden waren. Die Mitarbeiter, die f\u00fcr die Verwaltung der Lieferanten und anderer mit HUBRUM verbundener Personen zust\u00e4ndig sind, sind selbst daf\u00fcr verantwortlich, dass die Unternehmensrichtlinien von HUBRUM in unserer gesamten Lieferkette eingehalten werden. Dies ist eine laufende Aufgabe, und wir verst\u00e4rken unsere Kontrollen, sobald neue Vertr\u00e4ge abgeschlossen werden.<\/p>\n<\/div>\n<\/div><\/div><\/div><\/div><\/div><\/div><\/div><\/div><\/div><\/section>","protected":false},"excerpt":{"rendered":"","protected":false},"author":1,"featured_media":2859,"parent":0,"menu_order":0,"comment_status":"closed","ping_status":"closed","template":"","meta":[],"_links":{"self":[{"href":"https:\/\/hubrum.eu\/de\/wp-json\/wp\/v2\/pages\/2858"}],"collection":[{"href":"https:\/\/hubrum.eu\/de\/wp-json\/wp\/v2\/pages"}],"about":[{"href":"https:\/\/hubrum.eu\/de\/wp-json\/wp\/v2\/types\/page"}],"author":[{"embeddable":true,"href":"https:\/\/hubrum.eu\/de\/wp-json\/wp\/v2\/users\/1"}],"replies":[{"embeddable":true,"href":"https:\/\/hubrum.eu\/de\/wp-json\/wp\/v2\/comments?post=2858"}],"version-history":[{"count":2,"href":"https:\/\/hubrum.eu\/de\/wp-json\/wp\/v2\/pages\/2858\/revisions"}],"predecessor-version":[{"id":2861,"href":"https:\/\/hubrum.eu\/de\/wp-json\/wp\/v2\/pages\/2858\/revisions\/2861"}],"wp:featuredmedia":[{"embeddable":true,"href":"https:\/\/hubrum.eu\/de\/wp-json\/wp\/v2\/media\/2859"}],"wp:attachment":[{"href":"https:\/\/hubrum.eu\/de\/wp-json\/wp\/v2\/media?parent=2858"}],"curies":[{"name":"wp","href":"https:\/\/api.w.org\/{rel}","templated":true}]}}