{"id":2862,"date":"2023-01-28T07:27:49","date_gmt":"2023-01-28T07:27:49","guid":{"rendered":"https:\/\/new.hubrum.eu\/?page_id=2862"},"modified":"2023-01-28T07:28:03","modified_gmt":"2023-01-28T07:28:03","slug":"recruitment-and-selection","status":"publish","type":"page","link":"https:\/\/hubrum.eu\/de\/recruitment-and-selection\/","title":{"rendered":"Rekrutierung und Musterung"},"content":{"rendered":"<section id=\"bt_bb_section69df34c965a7b\"  class=\"bt_bb_section bt_bb_layout_boxed_1200 bt_bb_top_spacing_normal bt_bb_bottom_spacing_normal\"   data-bt-override-class=\"{&quot;bt_bb_top_spacing_&quot;:{&quot;current_class&quot;:&quot;bt_bb_top_spacing_normal&quot;,&quot;xxl&quot;:&quot;normal&quot;,&quot;xl&quot;:&quot;normal&quot;},&quot;bt_bb_bottom_spacing_&quot;:{&quot;current_class&quot;:&quot;bt_bb_bottom_spacing_normal&quot;,&quot;xxl&quot;:&quot;normal&quot;,&quot;xl&quot;:&quot;normal&quot;}}\"><span class=\"bt_bb_overlay\"><\/span><div class=\"bt_bb_port\"><div class=\"bt_bb_cell\"><div class=\"bt_bb_cell_inner\"><div class=\"bt_bb_row_wrapper\"><div  class=\"bt_bb_row\"  data-bt-override-class=\"{}\"><div  class=\"bt_bb_column col-xl-12 col-xs-12 col-sm-12 col-md-12 col-lg-12 bt_bb_align_left bt_bb_vertical_align_top bt_bb_padding_normal\"  data-width=\"12\" data-bt-override-class=\"{}\"><div class=\"bt_bb_column_content\"><div class=\"bt_bb_column_content_inner\"><div  class=\"bt_bb_text\" ><div class=\"col-md-12\">\n<h4>Rekrutierung und Musterung<\/h4>\n<\/div>\n<div class=\"col-md-12\">\n<p>Alle HUBRUM-Unternehmen verf\u00fcgen \u00fcber Kontrollen, um sicherzustellen, dass die Mitarbeiter das Recht auf Arbeit haben und somit durch die Arbeitsgesetzgebung gesch\u00fctzt sind. Dazu geh\u00f6rt die \u00dcberpr\u00fcfung von Arbeitsberechtigungsdokumenten, Visa und P\u00e4ssen, wo dies erforderlich ist.<\/p>\n<p>HUBRUM und seine Tochtergesellschaften besch\u00e4ftigen keine Personen, die nicht unseren Kernstandards entsprechen.<\/p>\n<p>Zu den grundlegenden Rechten, die wir allen Arbeitnehmern zugestehen, geh\u00f6ren:<\/p>\n<ul>\n<li>Das Recht auf einen angemessenen Lohn<\/li>\n<li>Das Recht auf ein sicheres Arbeitsumfeld<\/li>\n<li>Das Recht auf einen angemessenen Urlaub<\/li>\n<li>Die Freiheit, sich direkt und kostenlos \u00fcber unsere Whistleblowing-Politik zu beschweren, wenn der Arbeitnehmer der Meinung ist, dass er nicht fair behandelt wird oder andere Bedenken hat.<\/li>\n<\/ul>\n<\/div>\n<\/div><\/div><\/div><\/div><\/div><\/div><\/div><\/div><\/div><\/section>","protected":false},"excerpt":{"rendered":"","protected":false},"author":1,"featured_media":2863,"parent":0,"menu_order":0,"comment_status":"closed","ping_status":"closed","template":"","meta":[],"_links":{"self":[{"href":"https:\/\/hubrum.eu\/de\/wp-json\/wp\/v2\/pages\/2862"}],"collection":[{"href":"https:\/\/hubrum.eu\/de\/wp-json\/wp\/v2\/pages"}],"about":[{"href":"https:\/\/hubrum.eu\/de\/wp-json\/wp\/v2\/types\/page"}],"author":[{"embeddable":true,"href":"https:\/\/hubrum.eu\/de\/wp-json\/wp\/v2\/users\/1"}],"replies":[{"embeddable":true,"href":"https:\/\/hubrum.eu\/de\/wp-json\/wp\/v2\/comments?post=2862"}],"version-history":[{"count":2,"href":"https:\/\/hubrum.eu\/de\/wp-json\/wp\/v2\/pages\/2862\/revisions"}],"predecessor-version":[{"id":2865,"href":"https:\/\/hubrum.eu\/de\/wp-json\/wp\/v2\/pages\/2862\/revisions\/2865"}],"wp:featuredmedia":[{"embeddable":true,"href":"https:\/\/hubrum.eu\/de\/wp-json\/wp\/v2\/media\/2863"}],"wp:attachment":[{"href":"https:\/\/hubrum.eu\/de\/wp-json\/wp\/v2\/media?parent=2862"}],"curies":[{"name":"wp","href":"https:\/\/api.w.org\/{rel}","templated":true}]}}