{"id":2866,"date":"2023-01-28T07:29:24","date_gmt":"2023-01-28T07:29:24","guid":{"rendered":"https:\/\/new.hubrum.eu\/?page_id=2866"},"modified":"2023-01-28T07:29:38","modified_gmt":"2023-01-28T07:29:38","slug":"right-approach","status":"publish","type":"page","link":"https:\/\/hubrum.eu\/de\/right-approach\/","title":{"rendered":"Richtiger Ansatz"},"content":{"rendered":"<section id=\"bt_bb_section69df1c4610411\"  class=\"bt_bb_section bt_bb_layout_boxed_1200 bt_bb_top_spacing_normal bt_bb_bottom_spacing_normal\"   data-bt-override-class=\"{&quot;bt_bb_top_spacing_&quot;:{&quot;current_class&quot;:&quot;bt_bb_top_spacing_normal&quot;,&quot;xxl&quot;:&quot;normal&quot;,&quot;xl&quot;:&quot;normal&quot;},&quot;bt_bb_bottom_spacing_&quot;:{&quot;current_class&quot;:&quot;bt_bb_bottom_spacing_normal&quot;,&quot;xxl&quot;:&quot;normal&quot;,&quot;xl&quot;:&quot;normal&quot;}}\"><span class=\"bt_bb_overlay\"><\/span><div class=\"bt_bb_port\"><div class=\"bt_bb_cell\"><div class=\"bt_bb_cell_inner\"><div class=\"bt_bb_row_wrapper\"><div  class=\"bt_bb_row\"  data-bt-override-class=\"{}\"><div  class=\"bt_bb_column col-xl-12 col-xs-12 col-sm-12 col-md-12 col-lg-12 bt_bb_align_left bt_bb_vertical_align_top bt_bb_padding_normal\"  data-width=\"12\" data-bt-override-class=\"{}\"><div class=\"bt_bb_column_content\"><div class=\"bt_bb_column_content_inner\"><div  class=\"bt_bb_text\" ><h4>Recht auf Pr\u00fcfung<\/h4>\n<p>Alle Niederlassungen des Unternehmens werden regelm\u00e4\u00dfig gepr\u00fcft. Die Hauptpr\u00fcfungsarbeit umfasst eine Bewertung der Einhaltung der internen Richtlinien von HUBRUM und aller relevanten Gesetze.<\/p>\n<h4>Unsere Leistungsindikatoren<\/h4>\n<p>Wir wissen, wie wirksam die Ma\u00dfnahmen sind, die wir ergreifen, um sicherzustellen, dass in unserem Unternehmen oder in unserer Lieferkette die richtigen Praktiken angewandt werden, wenn wir keine Berichte von Mitarbeitern, der \u00d6ffentlichkeit oder von Strafverfolgungsbeh\u00f6rden erhalten, die darauf hindeuten, dass unsere Ans\u00e4tze auf dem richtigen Weg waren.<\/p>\n<h4>Blick nach vorn<\/h4>\n<p>HUBRUM wird weiterhin Ma\u00dfnahmen entwickeln, um unseren Ansatz zu verfeinern, die besten Kundenpraktiken beizubehalten und uns f\u00fcr eine nachhaltige gr\u00fcne Zukunft weiterzuentwickeln.<\/p>\n<\/div><\/div><\/div><\/div><\/div><\/div><\/div><\/div><\/div><\/section>","protected":false},"excerpt":{"rendered":"","protected":false},"author":1,"featured_media":2867,"parent":0,"menu_order":0,"comment_status":"closed","ping_status":"closed","template":"","meta":[],"_links":{"self":[{"href":"https:\/\/hubrum.eu\/de\/wp-json\/wp\/v2\/pages\/2866"}],"collection":[{"href":"https:\/\/hubrum.eu\/de\/wp-json\/wp\/v2\/pages"}],"about":[{"href":"https:\/\/hubrum.eu\/de\/wp-json\/wp\/v2\/types\/page"}],"author":[{"embeddable":true,"href":"https:\/\/hubrum.eu\/de\/wp-json\/wp\/v2\/users\/1"}],"replies":[{"embeddable":true,"href":"https:\/\/hubrum.eu\/de\/wp-json\/wp\/v2\/comments?post=2866"}],"version-history":[{"count":2,"href":"https:\/\/hubrum.eu\/de\/wp-json\/wp\/v2\/pages\/2866\/revisions"}],"predecessor-version":[{"id":2869,"href":"https:\/\/hubrum.eu\/de\/wp-json\/wp\/v2\/pages\/2866\/revisions\/2869"}],"wp:featuredmedia":[{"embeddable":true,"href":"https:\/\/hubrum.eu\/de\/wp-json\/wp\/v2\/media\/2867"}],"wp:attachment":[{"href":"https:\/\/hubrum.eu\/de\/wp-json\/wp\/v2\/media?parent=2866"}],"curies":[{"name":"wp","href":"https:\/\/api.w.org\/{rel}","templated":true}]}}