{"id":2894,"date":"2023-01-29T10:35:16","date_gmt":"2023-01-29T10:35:16","guid":{"rendered":"https:\/\/new.hubrum.eu\/?page_id=2894"},"modified":"2023-01-29T16:22:08","modified_gmt":"2023-01-29T16:22:08","slug":"aboutus","status":"publish","type":"page","link":"https:\/\/hubrum.eu\/de\/aboutus\/","title":{"rendered":"\u00dcber uns"},"content":{"rendered":"<section id=\"bt_bb_section69df347a572ad\"  class=\"bt_bb_section bt_bb_layout_boxed_1200 bt_bb_top_spacing_normal bt_bb_bottom_spacing_small\"   data-bt-override-class=\"{&quot;bt_bb_top_spacing_&quot;:{&quot;current_class&quot;:&quot;bt_bb_top_spacing_normal&quot;,&quot;xxl&quot;:&quot;normal&quot;,&quot;xl&quot;:&quot;normal&quot;},&quot;bt_bb_bottom_spacing_&quot;:{&quot;current_class&quot;:&quot;bt_bb_bottom_spacing_small&quot;,&quot;xxl&quot;:&quot;small&quot;,&quot;xl&quot;:&quot;small&quot;}}\"><span class=\"bt_bb_overlay\"><\/span><div class=\"bt_bb_port\"><div class=\"bt_bb_cell\"><div class=\"bt_bb_cell_inner\"><div class=\"bt_bb_row_wrapper\"><div  class=\"bt_bb_row\"  data-bt-override-class=\"{}\"><div  class=\"bt_bb_column col-xl-12 col-xs-12 col-sm-12 col-md-12 col-lg-12 bt_bb_align_left bt_bb_vertical_align_top bt_bb_padding_normal\"  data-width=\"12\" data-bt-override-class=\"{}\"><div class=\"bt_bb_column_content\"><div class=\"bt_bb_column_content_inner\"><div  class=\"bt_bb_text\" ><p>Wir sind ein Full-Service-Beratungsunternehmen, das sich auf Softwareentwicklung,Managementberatung und technische Beratung f\u00fcr Unternehmen jeder Gr\u00f6\u00dfe spezialisiert hat. Wir helfen unseren Kunden leidenschaftlich dabei, ihre Ziele zu erreichen, und sind bestrebt, ihnen die Expertise und die Ressourcen zur Verf\u00fcgung zu stellen, die sie zum Erfolg ben\u00f6tigen<\/p>\n<p>Unser Unternehmen wurde mit dem Ziel gegr\u00fcndet, eine umfassende Palette von Dienstleistungen f\u00fcr Unternehmen anzubieten, die ihre Gesch\u00e4ftst\u00e4tigkeit verbessern, ihre Wettbewerbsf\u00e4higkeit steigern und ihre strategischen Ziele erreichen m\u00f6chten. Wir haben ein Team von erfahrenen Beratern und Entwicklern, die ein tiefes Verst\u00e4ndnis f\u00fcr die neuesten Technologien und Trends haben und sich der Bereitstellung von L\u00f6sungen widmen, die den einzigartigen Bed\u00fcrfnissen unserer Kunden entsprechen.<\/p>\n<p>Unsere Software-Entwicklungsabteilung ist auf die Bereitstellung einer breiten Palette von Dienstleistungen spezialisiert,einschlie\u00dflich Web-Entwicklung, Handy-Entwicklung und kundenspezifische Software-Entwicklung. Unsere Entwickler verf\u00fcgen \u00fcber umfangreiche Erfahrung in verschiedenen Bereichen der Software-Entwicklung,einschlie\u00dflich Web-Entwicklung, mobiler Entwicklung und kundenspezifische Software-Entwicklung. Sie k\u00f6nnen Ihnen helfen, Web-Anwendungen zu entwickeln, die auf die einzigartigen Anforderungen Ihres Unternehmens zugeschnitten sind und Handy-Anwendungen, die auf einer Vielzahl von Ger\u00e4ten ausgelegt sind, und benutzerdefinierte Software-L\u00f6sungen, die die einzigartigen Bed\u00fcrfnisse Ihres Unternehmens erf\u00fcllen.<\/p>\n<p>Unsere Dienstleistungen umfassen unter anderem :<\/p>\n<\/div><div  class=\"bt_bb_text\" ><ul>\n<li>Web-Entwicklung: Wir k\u00f6nnen Ihnen helfen, Web-Anwendungen zu entwickeln, die auf die einzigartigen Bed\u00fcrfnisse Ihres Unternehmens zugeschnitten sind. Egal, ob Sie eine einfache Website oder eine komplexe webbasierte Anwendung ben\u00f6tigen, wir haben die F\u00e4higkeiten und die Erfahrung, um eine hochwertige L\u00f6sung zu liefern, die Ihren Anforderungen entspricht.<\/li>\n<li>Mobile-Entwicklung: Wir k\u00f6nnen Ihnen helfen, Handy-Anwendungen zu entwickeln, die auf einer Vielzahl von Ger\u00e4ten ausgef\u00fchrt werden k\u00f6nnen, einschlie\u00dflich Smartphones, Tablets und Wearables. Unsere mobilen Entwicklungsdienste umfassen sowohl iOS- als auch Android-Entwicklung.<\/li>\n<li>Kundenspezifische Softwareentwicklung: Wir k\u00f6nnen Ihnen helfen, kundenspezifische Softwarel\u00f6sungen zu entwickeln, die den einzigartigen Bed\u00fcrfnissen Ihres Unternehmens entsprechen. Egal, ob Sie eine ma\u00dfgeschneiderte Anwendung f\u00fcr Ihren internen Gebrauch oder eine Softwarel\u00f6sung ben\u00f6tigen, die an Ihre Kunden verkauft werden kann, wir verf\u00fcgen \u00fcber die F\u00e4higkeiten und die Erfahrung, um eine hochwertige L\u00f6sung zu liefern, die Ihren Anforderungen entspricht.<\/li>\n<li>Wartung und Support: Wir k\u00f6nnen Ihnen helfen, bei der Wartung und dem Support Ihrer Software, damit sie auf dem neuesten Stand bleibt und weiterhin den sich \u00e4ndernden Anforderungen Ihres Unternehmens gerecht wird.<\/li>\n<\/ul>\n<p>Zus\u00e4tzlich zu unseren Software-Entwicklungsdienstleistungen bieten wir auch Beratungsdienstleistungen an, um unseren Kunden zu helfen, der Kurve voraus zu bleiben und Vorteile von neuen Technologien und Trends zu nutzen. Unsere Beratungsleistungen umfassen unter anderem:<\/p>\n<ul>\n<li>Strategieberatung: Wir k\u00f6nnen Ihnen helfen, eine Softwareentwicklungsstrategie zu entwickeln, die auf Ihre Gesch\u00e4ftsziele abgestimmt ist.<\/li>\n<li>Technologieberatung:Wir k\u00f6nnen Ihnen helfen, \u00fcber die neuesten Technologien und Trends auf dem Laufenden zu bleiben, und Ihnen Anleitungen geben, wie Sie sie nutzen k\u00f6nnen, um das Gesch\u00e4ftswachstum voranzutreiben.<\/li>\n<\/ul>\n<p>Unsere Unternehmensberatung bietet eine breite Palette von Dienstleistungen, um Unternehmen dabei zu helfen, ihre Gesch\u00e4ftst\u00e4tigkeit zu verbessern und ihre strategischen Ziele zu erreichen. Unsere Managementberater verf\u00fcgen \u00fcber umfangreiche Erfahrung in verschiedenen Bereichen, einschlie\u00dflich Strategie, Betrieb, Finanzen und Personal. Sie k\u00f6nnen Ihnen helfen, eine Gesch\u00e4ftsstrategie zu entwickeln, die auf Ihre Ziele und Vorgaben abgestimmt ist, Ihre Abl\u00e4ufe zu verbessern und Ihre strategischen Ziele zu erreichen.<\/p>\n<p>Unsere Abteilung f\u00fcr technische Beratung bietet eine breite Palette von Dienstleistungen, um Unternehmen zu helfen, \u00fcber die neuesten Technologien und Trends auf dem Laufenden zu bleiben und die Vorteile neuer Technologien und Trends zu nutzen. Unsere technischen Berater verf\u00fcgen \u00fcber umfangreiche Erfahrung in verschiedenen Bereichen, darunter Technologie, Datenanalyse und Cybersicherheit. Sie k\u00f6nnen Ihnen helfen, \u00fcber die neuesten Technologien und Trends auf dem Laufenden zu bleiben, und Ihnen Anleitungen geben, wie Sie sie nutzen k\u00f6nnen, um das Gesch\u00e4ftswachstum voranzutreiben.<\/p>\n<p>Unser Unternehmen verpflichtet sich, unseren Kunden qualitativ hochwertige Dienstleistungen zu bieten. Unser Team ist bestrebt, L\u00f6sungen zu liefern, die den einzigartigen Bed\u00fcrfnissen unserer Kunden entsprechen. Deshalb sind wir sehr stolz auf unsere Arbeit, die wir leisten. Wenn Sie mehr dar\u00fcber erfahren m\u00f6chten, wie unsere Dienstleistungen Ihrem Unternehmen helfen k\u00f6nnen, kontaktieren Sie uns bitte. Gerne besprechen wir Ihre W\u00fcnsche und unterbreiten Ihnen ein individuelles Angebot.<\/p>\n<\/div><\/div><\/div><\/div><\/div><\/div><\/div><\/div><\/div><\/section>","protected":false},"excerpt":{"rendered":"","protected":false},"author":1,"featured_media":2905,"parent":0,"menu_order":0,"comment_status":"closed","ping_status":"closed","template":"","meta":[],"_links":{"self":[{"href":"https:\/\/hubrum.eu\/de\/wp-json\/wp\/v2\/pages\/2894"}],"collection":[{"href":"https:\/\/hubrum.eu\/de\/wp-json\/wp\/v2\/pages"}],"about":[{"href":"https:\/\/hubrum.eu\/de\/wp-json\/wp\/v2\/types\/page"}],"author":[{"embeddable":true,"href":"https:\/\/hubrum.eu\/de\/wp-json\/wp\/v2\/users\/1"}],"replies":[{"embeddable":true,"href":"https:\/\/hubrum.eu\/de\/wp-json\/wp\/v2\/comments?post=2894"}],"version-history":[{"count":6,"href":"https:\/\/hubrum.eu\/de\/wp-json\/wp\/v2\/pages\/2894\/revisions"}],"predecessor-version":[{"id":2902,"href":"https:\/\/hubrum.eu\/de\/wp-json\/wp\/v2\/pages\/2894\/revisions\/2902"}],"wp:featuredmedia":[{"embeddable":true,"href":"https:\/\/hubrum.eu\/de\/wp-json\/wp\/v2\/media\/2905"}],"wp:attachment":[{"href":"https:\/\/hubrum.eu\/de\/wp-json\/wp\/v2\/media?parent=2894"}],"curies":[{"name":"wp","href":"https:\/\/api.w.org\/{rel}","templated":true}]}}